{"id":124,"date":"2021-05-12T15:27:56","date_gmt":"2021-05-12T13:27:56","guid":{"rendered":"https:\/\/www.cbciudaddecadiz.com\/?page_id=124"},"modified":"2022-12-08T14:54:25","modified_gmt":"2022-12-08T13:54:25","slug":"reserva-ya-tu-plaza","status":"publish","type":"page","link":"https:\/\/www.cbciudaddecadiz.com\/index.php\/reserva-ya-tu-plaza\/","title":{"rendered":"\u00a1Rellena este formulario y ven a probar!"},"content":{"rendered":"\n<p>Si est\u00e1 interesado en que su hijo o hija venga a probar con uno de nuestros equipos, para ver si le gusta el baloncesto, rellene el siguiente formulario:<\/p>\n\n\n<div class=\"wpforms-container wpforms-container-full\" id=\"wpforms-132\"><form id=\"wpforms-form-132\" class=\"wpforms-validate wpforms-form\" data-formid=\"132\" method=\"post\" enctype=\"multipart\/form-data\" action=\"\/index.php\/wp-json\/wp\/v2\/pages\/124\" data-token=\"90394a162820f1898eedbd85d982c586\" data-token-time=\"1776276089\"><noscript class=\"wpforms-error-noscript\">Por favor, activa JavaScript en tu navegador para completar este formulario.<\/noscript><div class=\"wpforms-field-container\"><div id=\"wpforms-132-field_0-container\" class=\"wpforms-field wpforms-field-name\" data-field-id=\"0\"><label class=\"wpforms-field-label\" for=\"wpforms-132-field_0\">Datos del jugador\/a <span class=\"wpforms-required-label\">*<\/span><\/label><div class=\"wpforms-field-row wpforms-field-large\"><div class=\"wpforms-field-row-block wpforms-first wpforms-one-half\"><input type=\"text\" id=\"wpforms-132-field_0\" class=\"wpforms-field-name-first wpforms-field-required\" name=\"wpforms[fields][0][first]\" placeholder=\"Nombre\" required><label for=\"wpforms-132-field_0\" class=\"wpforms-field-sublabel after wpforms-sublabel-hide\">Nombre<\/label><\/div><div class=\"wpforms-field-row-block wpforms-one-half\"><input type=\"text\" id=\"wpforms-132-field_0-last\" class=\"wpforms-field-name-last wpforms-field-required\" name=\"wpforms[fields][0][last]\" placeholder=\"Apellidos\" required><label for=\"wpforms-132-field_0-last\" class=\"wpforms-field-sublabel after wpforms-sublabel-hide\">Apellidos<\/label><\/div><\/div><\/div><div id=\"wpforms-132-field_4-container\" class=\"wpforms-field wpforms-field-text wpforms-one-third wpforms-first\" data-field-id=\"4\"><label class=\"wpforms-field-label wpforms-label-hide\" for=\"wpforms-132-field_4\">Fecha de nacimiento <span class=\"wpforms-required-label\">*<\/span><\/label><input type=\"text\" id=\"wpforms-132-field_4\" class=\"wpforms-field-large wpforms-field-required\" name=\"wpforms[fields][4]\" placeholder=\"Fecha de nacimiento\" required><\/div><div id=\"wpforms-132-field_5-container\" class=\"wpforms-field wpforms-field-text wpforms-one-third\" data-field-id=\"5\"><label class=\"wpforms-field-label wpforms-label-hide\" for=\"wpforms-132-field_5\">DNI<\/label><input type=\"text\" id=\"wpforms-132-field_5\" class=\"wpforms-field-large\" name=\"wpforms[fields][5]\" placeholder=\"N\u00famero de su DNI, en caso de tenerlo\" ><\/div><div id=\"wpforms-132-field_6-container\" class=\"wpforms-field wpforms-field-text wpforms-one-third\" data-field-id=\"6\"><label class=\"wpforms-field-label wpforms-label-hide\" for=\"wpforms-132-field_6\">Colegio o instituto <span class=\"wpforms-required-label\">*<\/span><\/label><input type=\"text\" id=\"wpforms-132-field_6\" class=\"wpforms-field-large wpforms-field-required\" name=\"wpforms[fields][6]\" placeholder=\"Colegio o instituto\" required><\/div><div id=\"wpforms-132-field_10-container\" class=\"wpforms-field wpforms-field-name\" data-field-id=\"10\"><label class=\"wpforms-field-label\" for=\"wpforms-132-field_10\">Datos del padre, madre o tutor legal <span class=\"wpforms-required-label\">*<\/span><\/label><div class=\"wpforms-field-row wpforms-field-large\"><div class=\"wpforms-field-row-block wpforms-first wpforms-one-half\"><input type=\"text\" id=\"wpforms-132-field_10\" class=\"wpforms-field-name-first wpforms-field-required\" name=\"wpforms[fields][10][first]\" placeholder=\"Nombre y apellidos\" required><label for=\"wpforms-132-field_10\" class=\"wpforms-field-sublabel after wpforms-sublabel-hide\">Nombre<\/label><\/div><div class=\"wpforms-field-row-block wpforms-one-half\"><input type=\"text\" id=\"wpforms-132-field_10-last\" class=\"wpforms-field-name-last wpforms-field-required\" name=\"wpforms[fields][10][last]\" placeholder=\"DNI\" required><label for=\"wpforms-132-field_10-last\" class=\"wpforms-field-sublabel after wpforms-sublabel-hide\">Apellidos<\/label><\/div><\/div><\/div><div id=\"wpforms-132-field_12-container\" class=\"wpforms-field wpforms-field-email wpforms-one-half wpforms-first\" data-field-id=\"12\"><label class=\"wpforms-field-label wpforms-label-hide\" for=\"wpforms-132-field_12\">Correo electr\u00f3nico <span class=\"wpforms-required-label\">*<\/span><\/label><input type=\"email\" id=\"wpforms-132-field_12\" class=\"wpforms-field-large wpforms-field-required\" name=\"wpforms[fields][12]\" placeholder=\"Correo electr\u00f3nico\" spellcheck=\"false\" required><\/div><div id=\"wpforms-132-field_13-container\" class=\"wpforms-field wpforms-field-number wpforms-one-half\" data-field-id=\"13\"><label class=\"wpforms-field-label wpforms-label-hide\" for=\"wpforms-132-field_13\">Tel\u00e9fono <span class=\"wpforms-required-label\">*<\/span><\/label><input type=\"number\" id=\"wpforms-132-field_13\" class=\"wpforms-field-large wpforms-field-required\" name=\"wpforms[fields][13]\" placeholder=\"Tel\u00e9fono\" step=\"any\" required><\/div><div id=\"wpforms-132-field_2-container\" class=\"wpforms-field wpforms-field-textarea\" data-field-id=\"2\"><label class=\"wpforms-field-label wpforms-label-hide\" for=\"wpforms-132-field_2\">Observaciones (enfermedades, alergias, lesiones a tener en cuenta,...)<\/label><textarea id=\"wpforms-132-field_2\" class=\"wpforms-field-medium\" name=\"wpforms[fields][2]\" placeholder=\"Observaciones (enfermedades, alergias, lesiones a tener en cuenta,...)\" ><\/textarea><\/div><div id=\"wpforms-132-field_14-container\" class=\"wpforms-field wpforms-field-checkbox\" data-field-id=\"14\"><label class=\"wpforms-field-label wpforms-label-hide\">R\u00e9gimen interno <span class=\"wpforms-required-label\">*<\/span><\/label><ul id=\"wpforms-132-field_14\" class=\"wpforms-field-required\"><li class=\"choice-1 depth-1\"><input type=\"checkbox\" id=\"wpforms-132-field_14_1\" name=\"wpforms[fields][14][]\" value=\"Acepto el &lt;a target=&quot;_blank&quot; rel=&quot;nofollow&quot; href=&quot;https:\/\/www.cbciudaddecadiz.com\/index.php\/regimen-interno-del-club\/&quot;&gt;R\u00e9gimen interno del club&lt;\/a&gt;.\" required ><label class=\"wpforms-field-label-inline\" for=\"wpforms-132-field_14_1\">Acepto el <a target=\"_blank\" rel=\"nofollow\" href=\"https:\/\/www.cbciudaddecadiz.com\/index.php\/regimen-interno-del-club\/\">R\u00e9gimen interno del club<\/a>.<\/label><\/li><\/ul><\/div><div id=\"wpforms-132-field_9-container\" class=\"wpforms-field wpforms-field-gdpr-checkbox\" data-field-id=\"9\"><label class=\"wpforms-field-label wpforms-label-hide\">Acuerdo RGPD  <span class=\"wpforms-required-label\">*<\/span><\/label><ul id=\"wpforms-132-field_9\" class=\"wpforms-field-required\"><li class=\"choice-1\"><input type=\"checkbox\" id=\"wpforms-132-field_9_1\" name=\"wpforms[fields][9][]\" value=\"Al enviar este formulario, acepto que la informaci\u00f3n ingresada se utilizar\u00e1 en el proceso de preinscripci\u00f3n y las acciones que puedan surgir (Acuerdo RGPD). \" required ><label class=\"wpforms-field-label-inline\" for=\"wpforms-132-field_9_1\">Al enviar este formulario, acepto que la informaci\u00f3n ingresada se utilizar\u00e1 en el proceso de preinscripci\u00f3n y las acciones que puedan surgir (Acuerdo RGPD).  <span class=\"wpforms-required-label\">*<\/span><\/label><\/li><\/ul><\/div><div id=\"wpforms-132-field_8-container\" class=\"wpforms-field wpforms-field-checkbox\" data-field-id=\"8\"><label class=\"wpforms-field-label wpforms-label-hide\">Casillas de verificaci\u00f3n <span class=\"wpforms-required-label\">*<\/span><\/label><ul id=\"wpforms-132-field_8\" class=\"wpforms-field-required\"><li class=\"choice-1 depth-1\"><input type=\"checkbox\" id=\"wpforms-132-field_8_1\" name=\"wpforms[fields][8][]\" value=\"Acepto la &lt;a href=&quot;https:\/\/www.cbciudaddecadiz.com\/index.php\/politica-de-privacidad\/&quot; rel=&quot;nofollow&quot; target=&quot;_blank&quot;&gt;Pol\u00edtica de privacidad&lt;\/a&gt; \" required ><label class=\"wpforms-field-label-inline\" for=\"wpforms-132-field_8_1\">Acepto la <a href=\"https:\/\/www.cbciudaddecadiz.com\/index.php\/politica-de-privacidad\/\" rel=\"nofollow\" target=\"_blank\">Pol\u00edtica de privacidad<\/a> <span class=\"wpforms-required-label\">*<\/span><\/label><\/li><\/ul><div class=\"wpforms-field-description wpforms-disclaimer-description\">Es mi deber informarte que los datos de car\u00e1cter personal que me proporciones rellenando el presente formulario ser\u00e1n tratados por el Club Baloncesto Ciudad de C\u00e1diz como responsable de esta web.<br \/>\n<br \/>\nLa finalidad de la recogida y tratamiento de los datos personales que te solicito es para gestionar la solicitud que realizas en este formulario de contacto.<br \/>\n<br \/>\nLegitimaci\u00f3n: Consentimiento del interesado.<br \/>\n<br \/>\nComo usuario e interesado te informo que los datos que me facilitas estar\u00e1n ubicados en los servidores de SERED (proveedor de  www.cbciudaddecadiz.com) dentro de la UE. <a href=\"https:\/\/sered.net\/politica-de-privacidad\" rel=\"nofollow\" target=\"_blank\">Ver pol\u00edtica de privacidad de SERED<\/a>*<br \/>\n<br \/>\nEl hecho de que no introduzcas los datos de car\u00e1cter personal que aparecen en el formulario como obligatorios podr\u00e1 tener como consecuencia que no pueda atender tu solicitud.<br \/>\n<br \/>\nPodr\u00e1s ejercer tus derechos de acceso, rectificaci\u00f3n, limitaci\u00f3n y suprimir los datos escribi\u00e9ndome a contacto@cbciudaddecadiz.com as\u00ed como el derecho a presentar una reclamaci\u00f3n ante una autoridad de control.<br \/>\n<br \/>\nPuedes consultar la informaci\u00f3n adicional y detallada sobre Protecci\u00f3n de Datos en mi p\u00e1gina web: https:\/\/www.cbciudaddecadiz.com, as\u00ed como consultar nuestra <a href=\"https:\/\/www.cbciudaddecadiz.com\/index.php\/politica-de-privacidad\/\" rel=\"nofollow\" target=\"_blank\">Pol\u00edtica de privacidad<\/a>*<\/div><\/div><\/div><!-- .wpforms-field-container --><div class=\"wpforms-submit-container\" ><input type=\"hidden\" name=\"wpforms[id]\" value=\"132\"><input type=\"hidden\" name=\"page_title\" value=\"\"><input type=\"hidden\" name=\"page_url\" value=\"https:\/\/www.cbciudaddecadiz.com\/index.php\/wp-json\/wp\/v2\/pages\/124\"><input type=\"hidden\" name=\"url_referer\" value=\"https:\/\/www.cbciudaddecadiz.com\/?p=124\"><button type=\"submit\" name=\"wpforms[submit]\" id=\"wpforms-submit-132\" class=\"wpforms-submit\" data-alt-text=\"Enviando...\" data-submit-text=\"Enviar\" aria-live=\"assertive\" value=\"wpforms-submit\">Enviar<\/button><\/div><\/form><\/div>  <!-- .wpforms-container -->\n","protected":false},"excerpt":{"rendered":"<p>Si est\u00e1 interesado en que su hijo o hija venga a probar con uno de nuestros equipos, para ver si le gusta el baloncesto, rellene el siguiente formulario:<\/p>\n","protected":false},"author":1,"featured_media":0,"parent":0,"menu_order":0,"comment_status":"closed","ping_status":"closed","template":"","meta":{"_uag_custom_page_level_css":"","_monsterinsights_skip_tracking":false,"_monsterinsights_sitenote_active":false,"_monsterinsights_sitenote_note":"","_monsterinsights_sitenote_category":0,"_kad_post_transparent":"","_kad_post_title":"","_kad_post_layout":"","_kad_post_sidebar_id":"","_kad_post_content_style":"","_kad_post_vertical_padding":"","_kad_post_feature":"","_kad_post_feature_position":"","_kad_post_header":false,"_kad_post_footer":false,"_kad_post_classname":"","footnotes":""},"class_list":["post-124","page","type-page","status-publish","hentry"],"uagb_featured_image_src":{"full":false,"thumbnail":false,"medium":false,"medium_large":false,"large":false,"1536x1536":false,"2048x2048":false},"uagb_author_info":{"display_name":"CBC C\u00e1diz","author_link":"https:\/\/www.cbciudaddecadiz.com\/index.php\/author\/admin\/"},"uagb_comment_info":0,"uagb_excerpt":"Si est\u00e1 interesado en que su hijo o hija venga a probar con uno de nuestros equipos, para ver si le gusta el baloncesto, rellene el siguiente formulario:","_links":{"self":[{"href":"https:\/\/www.cbciudaddecadiz.com\/index.php\/wp-json\/wp\/v2\/pages\/124","targetHints":{"allow":["GET"]}}],"collection":[{"href":"https:\/\/www.cbciudaddecadiz.com\/index.php\/wp-json\/wp\/v2\/pages"}],"about":[{"href":"https:\/\/www.cbciudaddecadiz.com\/index.php\/wp-json\/wp\/v2\/types\/page"}],"author":[{"embeddable":true,"href":"https:\/\/www.cbciudaddecadiz.com\/index.php\/wp-json\/wp\/v2\/users\/1"}],"replies":[{"embeddable":true,"href":"https:\/\/www.cbciudaddecadiz.com\/index.php\/wp-json\/wp\/v2\/comments?post=124"}],"version-history":[{"count":19,"href":"https:\/\/www.cbciudaddecadiz.com\/index.php\/wp-json\/wp\/v2\/pages\/124\/revisions"}],"predecessor-version":[{"id":1086,"href":"https:\/\/www.cbciudaddecadiz.com\/index.php\/wp-json\/wp\/v2\/pages\/124\/revisions\/1086"}],"wp:attachment":[{"href":"https:\/\/www.cbciudaddecadiz.com\/index.php\/wp-json\/wp\/v2\/media?parent=124"}],"curies":[{"name":"wp","href":"https:\/\/api.w.org\/{rel}","templated":true}]}}