{"id":1292,"date":"2023-06-29T14:04:01","date_gmt":"2023-06-29T12:04:01","guid":{"rendered":"https:\/\/www.cbciudaddecadiz.com\/?page_id=1292"},"modified":"2025-07-07T15:24:33","modified_gmt":"2025-07-07T13:24:33","slug":"informacion-temporada-2023-24","status":"publish","type":"page","link":"https:\/\/www.cbciudaddecadiz.com\/index.php\/informacion-temporada-2023-24\/","title":{"rendered":"Informaci\u00f3n temporada 2025\/26"},"content":{"rendered":"<div class=\"wp-block-image\">\n<figure class=\"alignleft is-resized\"><img decoding=\"async\" width=\"512\" height=\"511\" data-src=\"https:\/\/www.cbciudaddecadiz.com\/wp-content\/uploads\/2021\/04\/cropped-logo.png\" alt=\"\" class=\"wp-image-1085 lazyload\" style=\"--smush-placeholder-width: 512px; --smush-placeholder-aspect-ratio: 512\/511;width:190px;height:189px\" data-srcset=\"https:\/\/www.cbciudaddecadiz.com\/wp-content\/uploads\/2021\/04\/cropped-logo.png 512w, https:\/\/www.cbciudaddecadiz.com\/wp-content\/uploads\/2021\/04\/cropped-logo-300x300.png 300w, https:\/\/www.cbciudaddecadiz.com\/wp-content\/uploads\/2021\/04\/cropped-logo-150x150.png 150w\" data-sizes=\"(max-width: 512px) 100vw, 512px\" src=\"data:image\/svg+xml;base64,PHN2ZyB3aWR0aD0iMSIgaGVpZ2h0PSIxIiB4bWxucz0iaHR0cDovL3d3dy53My5vcmcvMjAwMC9zdmciPjwvc3ZnPg==\" \/><\/figure>\n<\/div>\n\n\n<h5 class=\"wp-block-heading\"><strong>\u00bfEST\u00c1S BUSCANDO UN CLUB DONDE APRENDER A JUGAR AL BALONCESTO? \u00a1\u00a1NO LO DUDES!! \u00a1\u00a1SOMOS TU CLUB!!<\/strong><\/h5>\n\n\n\n<p>\u00danete a la familia del Club Baloncesto Ciudad de C\u00e1diz, donde aprender\u00e1s y disfrutar\u00e1s de este bonito deporte en un ambiente familiar y muy agradable, donde prevalecen, entre otros valores como&nbsp;<strong>el compromiso, el trabajo en equipo, la amistad y el respeto.<\/strong><\/p>\n\n\n\n<h4 class=\"wp-block-heading\"><em><strong>NO NECESITAS SABER JUGAR \u00a1\u00a1\u00a1NOSOTROS TE ENSE\u00d1AMOS!!!<\/strong><\/em><\/h4>\n\n\n\n<p>En nuestro club, con el objetivo de que ning\u00fan ni\u00f1o o ni\u00f1a que lo desee pueda jugar, no hacemos pruebas de selecci\u00f3n por nivel, por lo que los chicos y chicas que quieran apuntarse no necesitan saber jugar, ya que ser\u00e1 nuestro trabajo ense\u00f1arles. Lo \u00fanico que pedimos es ganas de aprender y compromiso a la hora de asistir a entrenamientos y partidos u otras actividades del club.<\/p>\n\n\n\n<h3 class=\"wp-block-heading\"><strong>Precio de la temporada 2025\/26<\/strong><\/h3>\n\n\n<div class=\"wp-block-image\">\n<figure class=\"alignright is-resized\"><img decoding=\"async\" width=\"800\" height=\"600\" data-src=\"https:\/\/www.cbciudaddecadiz.com\/wp-content\/uploads\/2022\/12\/baby.jpg\" alt=\"Baby Mixto CBC C\u00e1diz\" class=\"wp-image-1139 lazyload\" style=\"--smush-placeholder-width: 800px; --smush-placeholder-aspect-ratio: 800\/600;width:271px;height:203px\" data-srcset=\"https:\/\/www.cbciudaddecadiz.com\/wp-content\/uploads\/2022\/12\/baby.jpg 800w, https:\/\/www.cbciudaddecadiz.com\/wp-content\/uploads\/2022\/12\/baby-300x225.jpg 300w, https:\/\/www.cbciudaddecadiz.com\/wp-content\/uploads\/2022\/12\/baby-768x576.jpg 768w\" data-sizes=\"(max-width: 800px) 100vw, 800px\" src=\"data:image\/svg+xml;base64,PHN2ZyB3aWR0aD0iMSIgaGVpZ2h0PSIxIiB4bWxucz0iaHR0cDovL3d3dy53My5vcmcvMjAwMC9zdmciPjwvc3ZnPg==\" \/><\/figure>\n<\/div>\n\n\n<p>El precio de una temporada es de 360 euros, dicho pago lo podr\u00e1s hacer mediante un pago \u00fanico o dividi\u00e9ndolo en 12 cuotas mensuales de 30\u20ac a pagar durante los 12 meses del a\u00f1o. En caso de apuntar a una pareja de hermanos, el precio de la temporada ser\u00e1 de 420 euros que podr\u00e1s dividir en 12 cuotas de 35\u20ac. En el caso de apuntar a tres hermanos, el precio de la temporada ser\u00e1 de 540\u20ac que podr\u00e1s dividir en 12 cuotas de 45\u20ac.<\/p>\n\n\n\n<p>Los ingresos por cuotas ser\u00e1n destinados a realizar los pagos al seguro m\u00e9dico, inscripciones y licencias federativas, arbitrajes, alquiler de pistas para entrenamientos y partidos,&nbsp;material deportivo (balones, petos, conos,\u2026), compensaci\u00f3n por gastos a entrenadores,\u2026&nbsp;<\/p>\n\n\n\n<p>Toda nueva incorporaci\u00f3n podr\u00e1 solicitar un mes de prueba gratuitos para asegurarse de que se quiera apuntar. Si quieres solicitar un periodo de prueba puedes&nbsp;<a href=\"https:\/\/www.cbciudaddecadiz.com\/index.php\/prueba-un-mes-gratis\/\" target=\"_blank\" rel=\"noreferrer noopener\">hacerlo aqu\u00ed.<\/a><\/p>\n\n\n\n<p>Si tiene claro que quiere apuntar a su hijo o hija en nuestro club,&nbsp;<a href=\"https:\/\/www.cbciudaddecadiz.com\/index.php\/realiza-aqui-tu-inscripcion\/\" target=\"_blank\" rel=\"noreferrer noopener\">pinche aqu\u00ed para tramitar su inscripci\u00f3n.<\/a><\/p>\n\n\n\n<h3 class=\"wp-block-heading\"><strong>Precio de la ropa del club<\/strong>:<\/h3>\n\n\n\n<p>Las nuevas incorporaciones deber\u00e1n comprar el kit de ropa del club que cuesta 60 euros formado por las 2 camisetas de la equipaci\u00f3n y el cubre. Por 25\u20ac m\u00e1s podr\u00e1s a\u00f1adir a este kit la sudadera del club. En el caso de pareja de hermanos el kit del segundo hermano solo le costar\u00e1 20\u20ac o 30\u20ac si elige la opci\u00f3n con sudadera.&nbsp;<a rel=\"noreferrer noopener\" href=\"https:\/\/www.cbciudaddecadiz.com\/index.php\/tienda-del-club-baloncesto-ciudad-de-cadiz\/\" target=\"_blank\">Pincha aqu\u00ed para solicitar tu kit deportivo del CBC C\u00e1diz.<\/a><\/p>\n\n\n\n<h3 class=\"wp-block-heading\"><strong>Reconocimiento m\u00e9dico obligatorio<\/strong>:<\/h3>\n\n\n\n<p>Todos los jugadores y jugadoras del club deber\u00e1n presentar un certificado m\u00e9dico federativo, al inicio de cada temporada, que certifique que el ni\u00f1o o ni\u00f1a es apto para realizar deporte de competici\u00f3n. El Club se encargar\u00e1 de facilitar el documento federativo a rellenar por el m\u00e9dico y de conseguir un lugar donde los jugadores puedan pasar el pertinente reconocimiento m\u00e9dico a un precio asequible, en el caso de que su m\u00e9dico de cabecera no firme el certificado y no encuentre un lugar donde realizarlo.&nbsp;<\/p>\n\n\n<div class=\"wp-block-image\">\n<figure class=\"alignleft is-resized\"><img decoding=\"async\" width=\"800\" height=\"600\" data-src=\"https:\/\/www.cbciudaddecadiz.com\/wp-content\/uploads\/2022\/12\/J2-CF.jpg\" alt=\"CB Ciudad de C\u00e1diz\" class=\"wp-image-1070 lazyload\" style=\"--smush-placeholder-width: 800px; --smush-placeholder-aspect-ratio: 800\/600;width:273px;height:205px\" data-srcset=\"https:\/\/www.cbciudaddecadiz.com\/wp-content\/uploads\/2022\/12\/J2-CF.jpg 800w, https:\/\/www.cbciudaddecadiz.com\/wp-content\/uploads\/2022\/12\/J2-CF-300x225.jpg 300w, https:\/\/www.cbciudaddecadiz.com\/wp-content\/uploads\/2022\/12\/J2-CF-768x576.jpg 768w\" data-sizes=\"(max-width: 800px) 100vw, 800px\" src=\"data:image\/svg+xml;base64,PHN2ZyB3aWR0aD0iMSIgaGVpZ2h0PSIxIiB4bWxucz0iaHR0cDovL3d3dy53My5vcmcvMjAwMC9zdmciPjwvc3ZnPg==\" \/><\/figure>\n<\/div>\n\n\n<h3 class=\"wp-block-heading\"><strong>Informaci\u00f3n sobre las competiciones<\/strong><\/h3>\n\n\n\n<p>Nuestros equipos&nbsp;participar\u00e1n en las competiciones oficiales que organiza la Delegaci\u00f3n Gaditana de la Federaci\u00f3n Andaluza de baloncesto (competiciones de \u00e1mbito provincial), siempre y cuando los equipos completen un m\u00ednimo de 12 jugadores\/as. Si alguno de los equipos no llega al m\u00ednimo de 12 jugadores\/as no podr\u00e1 ser federado y se intentar\u00e1 que participe en los Juegos Deportivos Municipales, si los hubiera (depende del Instituto Municipal del Deporte de C\u00e1diz).<\/p>\n\n\n\n<p>Todo jugador o jugadora del club necesitar\u00e1 tramitar su licencia.&nbsp;<a href=\"https:\/\/www.cbciudaddecadiz.com\/index.php\/proceso-para-obtener-una-licencia-federativa\/\" target=\"_blank\" rel=\"noreferrer noopener\">En este enlace explicamos el proceso de como obtenerla.<\/a><\/p>\n\n\n\n<p>En las categor\u00eda Infantil es obligatorio presentar a cada partido un m\u00ednimo de 8 jugadores\/as, mientras que en las categor\u00edas minibasket, pre-minibasket y babybasket es obligatorio presentar, al menos, 9 jugadores a cada partido. En las categor\u00edas cadete y junior el m\u00ednimo a presentar en un partido son 5 jugadoras. En el caso de presentarse con menos jugadores\/as a un partido el club ser\u00e1 sancionado tanto economica, como deportivamente.<\/p>\n\n\n\n<p>Los partidos ser\u00e1n por la provincia y los desplazamientos se realizar\u00e1n en los coches de los padres y los entrenadores, en el caso de que estos dispongan de coche. El entrenador de cada equipo ser\u00e1 el encargado de organizar los desplazamientos con la colaboraci\u00f3n de los padres.&nbsp;<\/p>\n\n\n\n<h3 class=\"wp-block-heading\"><strong>Tarjeta deportiva Municipal<\/strong><\/h3>\n\n\n\n<p>Esta temporada el Instituto Municipal del Deporte de C\u00e1diz obliga a que, cualquier deportista federado que utilice instalaciones municipales, se saque la Tarjeta Deportiva Municipal en las oficinas del IMD (En el porche del Complejo Deportivo Ciudad de C\u00e1diz). Su coste es de 3\u201910\u20ac.<\/p>\n","protected":false},"excerpt":{"rendered":"<p>\u00bfEST\u00c1S BUSCANDO UN CLUB DONDE APRENDER A JUGAR AL BALONCESTO? \u00a1\u00a1NO LO DUDES!! \u00a1\u00a1SOMOS TU CLUB!! \u00danete a la familia del Club Baloncesto Ciudad de C\u00e1diz, donde aprender\u00e1s y disfrutar\u00e1s de este bonito deporte en un ambiente familiar y muy agradable, donde prevalecen, entre otros valores como&nbsp;el compromiso, el trabajo en equipo, la amistad y&#8230;<\/p>\n","protected":false},"author":1,"featured_media":0,"parent":0,"menu_order":0,"comment_status":"closed","ping_status":"closed","template":"","meta":{"_uag_custom_page_level_css":"","_monsterinsights_skip_tracking":false,"_monsterinsights_sitenote_active":false,"_monsterinsights_sitenote_note":"","_monsterinsights_sitenote_category":0,"_kad_post_transparent":"","_kad_post_title":"","_kad_post_layout":"","_kad_post_sidebar_id":"","_kad_post_content_style":"","_kad_post_vertical_padding":"","_kad_post_feature":"","_kad_post_feature_position":"","_kad_post_header":false,"_kad_post_footer":false,"_kad_post_classname":"","footnotes":""},"class_list":["post-1292","page","type-page","status-publish","hentry"],"uagb_featured_image_src":{"full":false,"thumbnail":false,"medium":false,"medium_large":false,"large":false,"1536x1536":false,"2048x2048":false},"uagb_author_info":{"display_name":"CBC C\u00e1diz","author_link":"https:\/\/www.cbciudaddecadiz.com\/index.php\/author\/admin\/"},"uagb_comment_info":0,"uagb_excerpt":"\u00bfEST\u00c1S BUSCANDO UN CLUB DONDE APRENDER A JUGAR AL BALONCESTO? \u00a1\u00a1NO LO DUDES!! \u00a1\u00a1SOMOS TU CLUB!! \u00danete a la familia del Club Baloncesto Ciudad de C\u00e1diz, donde aprender\u00e1s y disfrutar\u00e1s de este bonito deporte en un ambiente familiar y muy agradable, donde prevalecen, entre otros valores como&nbsp;el compromiso, el trabajo en equipo, la amistad y...","_links":{"self":[{"href":"https:\/\/www.cbciudaddecadiz.com\/index.php\/wp-json\/wp\/v2\/pages\/1292","targetHints":{"allow":["GET"]}}],"collection":[{"href":"https:\/\/www.cbciudaddecadiz.com\/index.php\/wp-json\/wp\/v2\/pages"}],"about":[{"href":"https:\/\/www.cbciudaddecadiz.com\/index.php\/wp-json\/wp\/v2\/types\/page"}],"author":[{"embeddable":true,"href":"https:\/\/www.cbciudaddecadiz.com\/index.php\/wp-json\/wp\/v2\/users\/1"}],"replies":[{"embeddable":true,"href":"https:\/\/www.cbciudaddecadiz.com\/index.php\/wp-json\/wp\/v2\/comments?post=1292"}],"version-history":[{"count":4,"href":"https:\/\/www.cbciudaddecadiz.com\/index.php\/wp-json\/wp\/v2\/pages\/1292\/revisions"}],"predecessor-version":[{"id":1895,"href":"https:\/\/www.cbciudaddecadiz.com\/index.php\/wp-json\/wp\/v2\/pages\/1292\/revisions\/1895"}],"wp:attachment":[{"href":"https:\/\/www.cbciudaddecadiz.com\/index.php\/wp-json\/wp\/v2\/media?parent=1292"}],"curies":[{"name":"wp","href":"https:\/\/api.w.org\/{rel}","templated":true}]}}