{"id":1499,"date":"2023-11-19T20:43:57","date_gmt":"2023-11-19T19:43:57","guid":{"rendered":"https:\/\/www.cbciudaddecadiz.com\/?page_id=1499"},"modified":"2023-11-19T20:44:49","modified_gmt":"2023-11-19T19:44:49","slug":"junior-masculino-b","status":"publish","type":"page","link":"https:\/\/www.cbciudaddecadiz.com\/index.php\/junior-masculino-b\/","title":{"rendered":"Junior Masculino B"},"content":{"rendered":"<style>.kb-image1499_c1a628-0e .kb-image-has-overlay:after{opacity:0.3;}<\/style>\n<figure class=\"wp-block-kadence-image kb-image1499_c1a628-0e size-large\"><img decoding=\"async\" width=\"1024\" height=\"668\" data-src=\"https:\/\/www.cbciudaddecadiz.com\/wp-content\/uploads\/2023\/11\/WhatsApp-Image-2023-10-04-at-17.27.50-2-e1700421672351-1024x668.jpeg\" alt=\"\" class=\"kb-img wp-image-1496 lazyload\" data-srcset=\"https:\/\/www.cbciudaddecadiz.com\/wp-content\/uploads\/2023\/11\/WhatsApp-Image-2023-10-04-at-17.27.50-2-e1700421672351-1024x668.jpeg 1024w, https:\/\/www.cbciudaddecadiz.com\/wp-content\/uploads\/2023\/11\/WhatsApp-Image-2023-10-04-at-17.27.50-2-e1700421672351-300x196.jpeg 300w, https:\/\/www.cbciudaddecadiz.com\/wp-content\/uploads\/2023\/11\/WhatsApp-Image-2023-10-04-at-17.27.50-2-e1700421672351-768x501.jpeg 768w, https:\/\/www.cbciudaddecadiz.com\/wp-content\/uploads\/2023\/11\/WhatsApp-Image-2023-10-04-at-17.27.50-2-e1700421672351-1536x1002.jpeg 1536w, https:\/\/www.cbciudaddecadiz.com\/wp-content\/uploads\/2023\/11\/WhatsApp-Image-2023-10-04-at-17.27.50-2-e1700421672351.jpeg 1559w\" data-sizes=\"(max-width: 1024px) 100vw, 1024px\" src=\"data:image\/svg+xml;base64,PHN2ZyB3aWR0aD0iMSIgaGVpZ2h0PSIxIiB4bWxucz0iaHR0cDovL3d3dy53My5vcmcvMjAwMC9zdmciPjwvc3ZnPg==\" style=\"--smush-placeholder-width: 1024px; --smush-placeholder-aspect-ratio: 1024\/668;\" \/><\/figure>\n\n\n\n<figure class=\"wp-block-table is-style-stripes\"><table class=\"has-black-color has-pale-pink-background-color has-text-color has-background\"><thead><tr><th class=\"has-text-align-center\" data-align=\"center\"><strong>Dorsal<\/strong><\/th><th class=\"has-text-align-center\" data-align=\"center\"><strong>Nombre del jugador<\/strong><\/th><th class=\"has-text-align-center\" data-align=\"center\"><strong>A\u00f1o de nacimiento<\/strong><\/th><\/tr><\/thead><tbody><tr><td class=\"has-text-align-center\" data-align=\"center\">11<\/td><td class=\"has-text-align-center\" data-align=\"center\">\u00c1LVARO GONZ\u00c1LEZ<\/td><td class=\"has-text-align-center\" data-align=\"center\">2007<\/td><\/tr><tr><td class=\"has-text-align-center\" data-align=\"center\">12<\/td><td class=\"has-text-align-center\" data-align=\"center\">UNAI RUIZ<\/td><td class=\"has-text-align-center\" data-align=\"center\">2007<\/td><\/tr><tr><td class=\"has-text-align-center\" data-align=\"center\">13<\/td><td class=\"has-text-align-center\" data-align=\"center\">ADRI\u00c1N LEAL<\/td><td class=\"has-text-align-center\" data-align=\"center\">2007<\/td><\/tr><tr><td class=\"has-text-align-center\" data-align=\"center\">14<\/td><td class=\"has-text-align-center\" data-align=\"center\">PABLO NIETO<\/td><td class=\"has-text-align-center\" data-align=\"center\">2006<\/td><\/tr><tr><td class=\"has-text-align-center\" data-align=\"center\">15<\/td><td class=\"has-text-align-center\" data-align=\"center\">YERAY MEDRANO<\/td><td class=\"has-text-align-center\" data-align=\"center\">2007<\/td><\/tr><tr><td class=\"has-text-align-center\" data-align=\"center\">17<\/td><td class=\"has-text-align-center\" data-align=\"center\">BRUNO PARADA<\/td><td class=\"has-text-align-center\" data-align=\"center\">2007<\/td><\/tr><tr><td class=\"has-text-align-center\" data-align=\"center\">21<\/td><td class=\"has-text-align-center\" data-align=\"center\">DAR\u00cdO MESA<\/td><td class=\"has-text-align-center\" data-align=\"center\">2007<\/td><\/tr><tr><td class=\"has-text-align-center\" data-align=\"center\">25<\/td><td class=\"has-text-align-center\" data-align=\"center\">ADRI\u00c1N L\u00d3PEZ<\/td><td class=\"has-text-align-center\" data-align=\"center\">2007<\/td><\/tr><tr><td class=\"has-text-align-center\" data-align=\"center\">27<\/td><td class=\"has-text-align-center\" data-align=\"center\">GONZALO GUERRERO<\/td><td class=\"has-text-align-center\" data-align=\"center\">2007<\/td><\/tr><tr><td class=\"has-text-align-center\" data-align=\"center\">34<\/td><td class=\"has-text-align-center\" data-align=\"center\">CARLOS DEL R\u00cdO<\/td><td class=\"has-text-align-center\" data-align=\"center\">2006<\/td><\/tr><tr><td class=\"has-text-align-center\" data-align=\"center\">40<\/td><td class=\"has-text-align-center\" data-align=\"center\">RUB\u00c9N MATEO<\/td><td class=\"has-text-align-center\" data-align=\"center\">2006<\/td><\/tr><tr><td class=\"has-text-align-center\" data-align=\"center\">43<\/td><td class=\"has-text-align-center\" data-align=\"center\">SANDRO FUSTE<\/td><td class=\"has-text-align-center\" data-align=\"center\">2007<\/td><\/tr><tr><td class=\"has-text-align-center\" data-align=\"center\">61<\/td><td class=\"has-text-align-center\" data-align=\"center\">JUAN SIL\u00d3NIZ<\/td><td class=\"has-text-align-center\" data-align=\"center\">2006<\/td><\/tr><tr><td class=\"has-text-align-center\" data-align=\"center\">91<\/td><td class=\"has-text-align-center\" data-align=\"center\">MAURO RANERI<\/td><td class=\"has-text-align-center\" data-align=\"center\">2007<\/td><\/tr><tr><td class=\"has-text-align-center\" data-align=\"center\"><strong>Entrenador<\/strong><\/td><td class=\"has-text-align-center\" data-align=\"center\"><strong>NACHO COUCE<\/strong><\/td><td class=\"has-text-align-center\" data-align=\"center\"><\/td><\/tr><tr><td class=\"has-text-align-center\" data-align=\"center\"><strong>Entrenador<\/strong><\/td><td class=\"has-text-align-center\" data-align=\"center\"><strong>RUB\u00c9N GALLEGO<\/strong><\/td><td class=\"has-text-align-center\" data-align=\"center\"><\/td><\/tr><\/tbody><\/table><\/figure>\n","protected":false},"excerpt":{"rendered":"<p>Dorsal Nombre del jugador A\u00f1o de nacimiento 11 \u00c1LVARO GONZ\u00c1LEZ 2007 12 UNAI RUIZ 2007 13 ADRI\u00c1N LEAL 2007 14 PABLO NIETO 2006 15 YERAY MEDRANO 2007 17 BRUNO PARADA 2007 21 DAR\u00cdO MESA 2007 25 ADRI\u00c1N L\u00d3PEZ 2007 27 GONZALO GUERRERO 2007 34 CARLOS DEL R\u00cdO 2006 40 RUB\u00c9N MATEO 2006 43 SANDRO FUSTE&#8230;<\/p>\n","protected":false},"author":1,"featured_media":0,"parent":0,"menu_order":0,"comment_status":"closed","ping_status":"closed","template":"","meta":{"_uag_custom_page_level_css":"","_monsterinsights_skip_tracking":false,"_monsterinsights_sitenote_active":false,"_monsterinsights_sitenote_note":"","_monsterinsights_sitenote_category":0,"_kad_post_transparent":"","_kad_post_title":"","_kad_post_layout":"","_kad_post_sidebar_id":"","_kad_post_content_style":"","_kad_post_vertical_padding":"","_kad_post_feature":"","_kad_post_feature_position":"","_kad_post_header":false,"_kad_post_footer":false,"_kad_post_classname":"","footnotes":""},"class_list":["post-1499","page","type-page","status-publish","hentry"],"uagb_featured_image_src":{"full":false,"thumbnail":false,"medium":false,"medium_large":false,"large":false,"1536x1536":false,"2048x2048":false},"uagb_author_info":{"display_name":"CBC C\u00e1diz","author_link":"https:\/\/www.cbciudaddecadiz.com\/index.php\/author\/admin\/"},"uagb_comment_info":0,"uagb_excerpt":"Dorsal Nombre del jugador A\u00f1o de nacimiento 11 \u00c1LVARO GONZ\u00c1LEZ 2007 12 UNAI RUIZ 2007 13 ADRI\u00c1N LEAL 2007 14 PABLO NIETO 2006 15 YERAY MEDRANO 2007 17 BRUNO PARADA 2007 21 DAR\u00cdO MESA 2007 25 ADRI\u00c1N L\u00d3PEZ 2007 27 GONZALO GUERRERO 2007 34 CARLOS DEL R\u00cdO 2006 40 RUB\u00c9N MATEO 2006 43 SANDRO FUSTE...","_links":{"self":[{"href":"https:\/\/www.cbciudaddecadiz.com\/index.php\/wp-json\/wp\/v2\/pages\/1499","targetHints":{"allow":["GET"]}}],"collection":[{"href":"https:\/\/www.cbciudaddecadiz.com\/index.php\/wp-json\/wp\/v2\/pages"}],"about":[{"href":"https:\/\/www.cbciudaddecadiz.com\/index.php\/wp-json\/wp\/v2\/types\/page"}],"author":[{"embeddable":true,"href":"https:\/\/www.cbciudaddecadiz.com\/index.php\/wp-json\/wp\/v2\/users\/1"}],"replies":[{"embeddable":true,"href":"https:\/\/www.cbciudaddecadiz.com\/index.php\/wp-json\/wp\/v2\/comments?post=1499"}],"version-history":[{"count":2,"href":"https:\/\/www.cbciudaddecadiz.com\/index.php\/wp-json\/wp\/v2\/pages\/1499\/revisions"}],"predecessor-version":[{"id":1502,"href":"https:\/\/www.cbciudaddecadiz.com\/index.php\/wp-json\/wp\/v2\/pages\/1499\/revisions\/1502"}],"wp:attachment":[{"href":"https:\/\/www.cbciudaddecadiz.com\/index.php\/wp-json\/wp\/v2\/media?parent=1499"}],"curies":[{"name":"wp","href":"https:\/\/api.w.org\/{rel}","templated":true}]}}