{"id":1504,"date":"2023-11-19T20:53:56","date_gmt":"2023-11-19T19:53:56","guid":{"rendered":"https:\/\/www.cbciudaddecadiz.com\/?page_id=1504"},"modified":"2023-11-20T14:16:53","modified_gmt":"2023-11-20T13:16:53","slug":"preminibasket-masculino-fenie-energia-s-a","status":"publish","type":"page","link":"https:\/\/www.cbciudaddecadiz.com\/index.php\/preminibasket-masculino-fenie-energia-s-a\/","title":{"rendered":"PreMinibasket Masculino FENIE ENERG\u00cdA"},"content":{"rendered":"<style>.kb-image1504_b1ce7e-89 .kb-image-has-overlay:after{opacity:0.3;}<\/style>\n<figure class=\"wp-block-kadence-image kb-image1504_b1ce7e-89\"><img decoding=\"async\" width=\"698\" height=\"602\" data-src=\"https:\/\/www.cbciudaddecadiz.com\/wp-content\/uploads\/2023\/11\/WhatsApp-Image-2023-10-04-at-17.27.51-2-e1700423279128.jpeg\" alt=\"\" class=\"kb-img wp-image-1505 lazyload\" data-srcset=\"https:\/\/www.cbciudaddecadiz.com\/wp-content\/uploads\/2023\/11\/WhatsApp-Image-2023-10-04-at-17.27.51-2-e1700423279128.jpeg 698w, https:\/\/www.cbciudaddecadiz.com\/wp-content\/uploads\/2023\/11\/WhatsApp-Image-2023-10-04-at-17.27.51-2-e1700423279128-300x259.jpeg 300w\" data-sizes=\"(max-width: 698px) 100vw, 698px\" src=\"data:image\/svg+xml;base64,PHN2ZyB3aWR0aD0iMSIgaGVpZ2h0PSIxIiB4bWxucz0iaHR0cDovL3d3dy53My5vcmcvMjAwMC9zdmciPjwvc3ZnPg==\" style=\"--smush-placeholder-width: 698px; --smush-placeholder-aspect-ratio: 698\/602;\" \/><\/figure>\n\n\n\n<figure class=\"wp-block-table is-style-stripes\"><table class=\"has-black-color has-pale-pink-background-color has-text-color has-background\"><thead><tr><th class=\"has-text-align-center\" data-align=\"center\"><strong>Dorsal<\/strong><\/th><th class=\"has-text-align-center\" data-align=\"center\"><strong>Nombre del jugador<\/strong><\/th><th class=\"has-text-align-center\" data-align=\"center\"><strong>A\u00f1o de nacimiento<\/strong><\/th><\/tr><\/thead><tbody><tr><td class=\"has-text-align-center\" data-align=\"center\">5<\/td><td class=\"has-text-align-center\" data-align=\"center\">JAVI CURR\u00c1S<\/td><td class=\"has-text-align-center\" data-align=\"center\">2014<\/td><\/tr><tr><td class=\"has-text-align-center\" data-align=\"center\">6<\/td><td class=\"has-text-align-center\" data-align=\"center\">SAMUEL FERN\u00c1NDEZ<\/td><td class=\"has-text-align-center\" data-align=\"center\">2014<\/td><\/tr><tr><td class=\"has-text-align-center\" data-align=\"center\">13<\/td><td class=\"has-text-align-center\" data-align=\"center\">MARIO SARMIENTO<\/td><td class=\"has-text-align-center\" data-align=\"center\">2015<\/td><\/tr><tr><td class=\"has-text-align-center\" data-align=\"center\">14<\/td><td class=\"has-text-align-center\" data-align=\"center\">JOS\u00c9 MAR\u00cdA LOJO<\/td><td class=\"has-text-align-center\" data-align=\"center\">2014<\/td><\/tr><tr><td class=\"has-text-align-center\" data-align=\"center\">17<\/td><td class=\"has-text-align-center\" data-align=\"center\">MANUEL LOUZADO<\/td><td class=\"has-text-align-center\" data-align=\"center\">2015<\/td><\/tr><tr><td class=\"has-text-align-center\" data-align=\"center\">23<\/td><td class=\"has-text-align-center\" data-align=\"center\">HUGO DEL R\u00cdO<\/td><td class=\"has-text-align-center\" data-align=\"center\">2015<\/td><\/tr><tr><td class=\"has-text-align-center\" data-align=\"center\">27<\/td><td class=\"has-text-align-center\" data-align=\"center\">MARIO VIDAL<\/td><td class=\"has-text-align-center\" data-align=\"center\">2015<\/td><\/tr><tr><td class=\"has-text-align-center\" data-align=\"center\">31<\/td><td class=\"has-text-align-center\" data-align=\"center\">DANIEL SOSA<\/td><td class=\"has-text-align-center\" data-align=\"center\">2015<\/td><\/tr><tr><td class=\"has-text-align-center\" data-align=\"center\">35<\/td><td class=\"has-text-align-center\" data-align=\"center\">MANUEL GONZ\u00c1LEZ<\/td><td class=\"has-text-align-center\" data-align=\"center\">2015<\/td><\/tr><tr><td class=\"has-text-align-center\" data-align=\"center\">37<\/td><td class=\"has-text-align-center\" data-align=\"center\">DAR\u00cdO VARELA<\/td><td class=\"has-text-align-center\" data-align=\"center\">2015<\/td><\/tr><tr><td class=\"has-text-align-center\" data-align=\"center\">91<\/td><td class=\"has-text-align-center\" data-align=\"center\">ENZO MEDINA<\/td><td class=\"has-text-align-center\" data-align=\"center\">2015<\/td><\/tr><tr><td class=\"has-text-align-center\" data-align=\"center\">99<\/td><td class=\"has-text-align-center\" data-align=\"center\">LUCAS IGLESIA<\/td><td class=\"has-text-align-center\" data-align=\"center\">2015<\/td><\/tr><tr><td class=\"has-text-align-center\" data-align=\"center\"><\/td><td class=\"has-text-align-center\" data-align=\"center\">MART\u00cdN L\u00d3PEZ<\/td><td class=\"has-text-align-center\" data-align=\"center\">2015<\/td><\/tr><tr><td class=\"has-text-align-center\" data-align=\"center\"><\/td><td class=\"has-text-align-center\" data-align=\"center\">LUCAS BERM\u00daDEZ<\/td><td class=\"has-text-align-center\" data-align=\"center\">2015<\/td><\/tr><tr><td class=\"has-text-align-center\" data-align=\"center\"><strong>Entrenador<\/strong><\/td><td class=\"has-text-align-center\" data-align=\"center\"><strong>JOSE GAYO<\/strong><\/td><td class=\"has-text-align-center\" data-align=\"center\"><\/td><\/tr><tr><td class=\"has-text-align-center\" data-align=\"center\"><strong>Entrenador<\/strong><\/td><td class=\"has-text-align-center\" data-align=\"center\"><strong>RUB\u00c9N GALLEGO<\/strong><\/td><td class=\"has-text-align-center\" data-align=\"center\"><\/td><\/tr><\/tbody><\/table><\/figure>\n","protected":false},"excerpt":{"rendered":"<p>Dorsal Nombre del jugador A\u00f1o de nacimiento 5 JAVI CURR\u00c1S 2014 6 SAMUEL FERN\u00c1NDEZ 2014 13 MARIO SARMIENTO 2015 14 JOS\u00c9 MAR\u00cdA LOJO 2014 17 MANUEL LOUZADO 2015 23 HUGO DEL R\u00cdO 2015 27 MARIO VIDAL 2015 31 DANIEL SOSA 2015 35 MANUEL GONZ\u00c1LEZ 2015 37 DAR\u00cdO VARELA 2015 91 ENZO MEDINA 2015 99 LUCAS&#8230;<\/p>\n","protected":false},"author":1,"featured_media":0,"parent":0,"menu_order":0,"comment_status":"closed","ping_status":"closed","template":"","meta":{"_uag_custom_page_level_css":"","_monsterinsights_skip_tracking":false,"_monsterinsights_sitenote_active":false,"_monsterinsights_sitenote_note":"","_monsterinsights_sitenote_category":0,"_kad_post_transparent":"","_kad_post_title":"","_kad_post_layout":"","_kad_post_sidebar_id":"","_kad_post_content_style":"","_kad_post_vertical_padding":"","_kad_post_feature":"","_kad_post_feature_position":"","_kad_post_header":false,"_kad_post_footer":false,"_kad_post_classname":"","footnotes":""},"class_list":["post-1504","page","type-page","status-publish","hentry"],"uagb_featured_image_src":{"full":false,"thumbnail":false,"medium":false,"medium_large":false,"large":false,"1536x1536":false,"2048x2048":false},"uagb_author_info":{"display_name":"CBC C\u00e1diz","author_link":"https:\/\/www.cbciudaddecadiz.com\/index.php\/author\/admin\/"},"uagb_comment_info":0,"uagb_excerpt":"Dorsal Nombre del jugador A\u00f1o de nacimiento 5 JAVI CURR\u00c1S 2014 6 SAMUEL FERN\u00c1NDEZ 2014 13 MARIO SARMIENTO 2015 14 JOS\u00c9 MAR\u00cdA LOJO 2014 17 MANUEL LOUZADO 2015 23 HUGO DEL R\u00cdO 2015 27 MARIO VIDAL 2015 31 DANIEL SOSA 2015 35 MANUEL GONZ\u00c1LEZ 2015 37 DAR\u00cdO VARELA 2015 91 ENZO MEDINA 2015 99 LUCAS...","_links":{"self":[{"href":"https:\/\/www.cbciudaddecadiz.com\/index.php\/wp-json\/wp\/v2\/pages\/1504","targetHints":{"allow":["GET"]}}],"collection":[{"href":"https:\/\/www.cbciudaddecadiz.com\/index.php\/wp-json\/wp\/v2\/pages"}],"about":[{"href":"https:\/\/www.cbciudaddecadiz.com\/index.php\/wp-json\/wp\/v2\/types\/page"}],"author":[{"embeddable":true,"href":"https:\/\/www.cbciudaddecadiz.com\/index.php\/wp-json\/wp\/v2\/users\/1"}],"replies":[{"embeddable":true,"href":"https:\/\/www.cbciudaddecadiz.com\/index.php\/wp-json\/wp\/v2\/comments?post=1504"}],"version-history":[{"count":2,"href":"https:\/\/www.cbciudaddecadiz.com\/index.php\/wp-json\/wp\/v2\/pages\/1504\/revisions"}],"predecessor-version":[{"id":1540,"href":"https:\/\/www.cbciudaddecadiz.com\/index.php\/wp-json\/wp\/v2\/pages\/1504\/revisions\/1540"}],"wp:attachment":[{"href":"https:\/\/www.cbciudaddecadiz.com\/index.php\/wp-json\/wp\/v2\/media?parent=1504"}],"curies":[{"name":"wp","href":"https:\/\/api.w.org\/{rel}","templated":true}]}}