{"id":151,"date":"2021-05-14T14:23:03","date_gmt":"2021-05-14T12:23:03","guid":{"rendered":"https:\/\/www.cbciudaddecadiz.com\/?page_id=151"},"modified":"2021-05-14T14:29:55","modified_gmt":"2021-05-14T12:29:55","slug":"filosofia-de-club","status":"publish","type":"page","link":"https:\/\/www.cbciudaddecadiz.com\/index.php\/filosofia-de-club\/","title":{"rendered":"Filosof\u00eda de club"},"content":{"rendered":"\n<div class=\"wp-block-image\"><figure class=\"alignleft size-large is-resized\"><img decoding=\"async\" data-src=\"https:\/\/www.cbciudaddecadiz.com\/wp-content\/uploads\/2021\/04\/logo.png\" alt=\"\" class=\"wp-image-39 lazyload\" width=\"244\" height=\"244\" data-srcset=\"https:\/\/www.cbciudaddecadiz.com\/wp-content\/uploads\/2021\/04\/logo.png 512w, https:\/\/www.cbciudaddecadiz.com\/wp-content\/uploads\/2021\/04\/logo-300x300.png 300w, https:\/\/www.cbciudaddecadiz.com\/wp-content\/uploads\/2021\/04\/logo-150x150.png 150w\" data-sizes=\"(max-width: 244px) 100vw, 244px\" src=\"data:image\/svg+xml;base64,PHN2ZyB3aWR0aD0iMSIgaGVpZ2h0PSIxIiB4bWxucz0iaHR0cDovL3d3dy53My5vcmcvMjAwMC9zdmciPjwvc3ZnPg==\" style=\"--smush-placeholder-width: 244px; --smush-placeholder-aspect-ratio: 244\/244;\" \/><\/figure><\/div>\n\n\n\n<p>Nuestro club nace con la intenci\u00f3n de fomentar la afici\u00f3n por el deporte y el baloncesto, en particular, entre los chicos y chicas de la ciudad de C\u00e1diz.<\/p>\n\n\n\n<p>Queremos apoyar la formaci\u00f3n integral de los jugadores del club a trav\u00e9s de la pr\u00e1ctica del baloncesto, contribuyendo con esta, no solo al desarrollo f\u00edsico de la jugadora, sino que tambi\u00e9n a su desarrollo personal y social, inculc\u00e1ndoles valores como el compa\u00f1erismo, el esfuerzo, la superaci\u00f3n, el esp\u00edritu de lucha, la constancia, el trabajo en equipo, el respeto (a compa\u00f1eros, rivales, entrenadores y \u00e1rbitros), la solidaridad y la competitividad.<\/p>\n\n\n\n<p>Ofrecemos la posibilidad de practicar baloncesto a todos los chicos y chicas que lo deseen con independencia de su capacitaci\u00f3n t\u00e9cnica, por lo que no estableceremos ning\u00fan tipo de filtro o selecci\u00f3n, en funci\u00f3n de las habilidades o preparaci\u00f3n, a quienes quieran acceder a nuestro club.<\/p>\n\n\n\n<p>Buscamos crear un entorno que favorezca y potencie el desarrollo y crecimiento, tanto personal y social, como deportivo y competitivo, de cualquier jugador o jugadora interesado en desarrollar al m\u00e1ximo sus aptitudes y condiciones. Para ello, tendr\u00e1n a su disposici\u00f3n, un grupo de trabajo que les permitir\u00e1 desarrollar todo el proceso de aprendizaje y formaci\u00f3n, as\u00ed como la participaci\u00f3n en el \u00e1rea competitiva, en el nivel adecuado a sus caracter\u00edsticas y situaci\u00f3n personal y deportiva.<\/p>\n\n\n\n<p>El club pretende generar en sus equipos una serie de valores, tanto humanos como deportivos, que hagan de sus miembros gente respetuosa y respetada, que den una buena imagen de C\u00e1diz, ciudad a la que representan. Pretendemos que cuando alguien vista la camiseta de nuestro club, no est\u00e9 solo representando a su club, sino que sienta la responsabilidad de representar a su ciudad, tanto en competiciones provinciales, como en competiciones auton\u00f3micas o nacionales, si se diera el caso.<\/p>\n\n\n\n<p>Por \u00faltimo, buscamos inculcar en nuestros chicos y chicas un sentimiento global de club, independientemente del equipo al que pertenezcan, y de orgullo por pertenecer al mismo, para ello queremos implicar a todos los integrantes del club en todas sus actividades deportivas y sociales, transmitiendo la importancia que tienen todas y cada una de las cosas que suceden dentro y fuera de los terrenos de la competici\u00f3n.<\/p>\n","protected":false},"excerpt":{"rendered":"<p>Nuestro club nace con la intenci\u00f3n de fomentar la afici\u00f3n por el deporte y el baloncesto, en particular, entre los chicos y chicas de la ciudad de C\u00e1diz. Queremos apoyar la formaci\u00f3n integral de los jugadores del club a trav\u00e9s de la pr\u00e1ctica del baloncesto, contribuyendo con esta, no solo al desarrollo f\u00edsico de la&#8230;<\/p>\n","protected":false},"author":1,"featured_media":0,"parent":0,"menu_order":0,"comment_status":"closed","ping_status":"closed","template":"","meta":{"_uag_custom_page_level_css":"","_monsterinsights_skip_tracking":false,"_monsterinsights_sitenote_active":false,"_monsterinsights_sitenote_note":"","_monsterinsights_sitenote_category":0,"_kad_post_transparent":"","_kad_post_title":"","_kad_post_layout":"","_kad_post_sidebar_id":"","_kad_post_content_style":"","_kad_post_vertical_padding":"","_kad_post_feature":"","_kad_post_feature_position":"","_kad_post_header":false,"_kad_post_footer":false,"_kad_post_classname":"","footnotes":""},"class_list":["post-151","page","type-page","status-publish","hentry"],"uagb_featured_image_src":{"full":false,"thumbnail":false,"medium":false,"medium_large":false,"large":false,"1536x1536":false,"2048x2048":false},"uagb_author_info":{"display_name":"CBC C\u00e1diz","author_link":"https:\/\/www.cbciudaddecadiz.com\/index.php\/author\/admin\/"},"uagb_comment_info":0,"uagb_excerpt":"Nuestro club nace con la intenci\u00f3n de fomentar la afici\u00f3n por el deporte y el baloncesto, en particular, entre los chicos y chicas de la ciudad de C\u00e1diz. Queremos apoyar la formaci\u00f3n integral de los jugadores del club a trav\u00e9s de la pr\u00e1ctica del baloncesto, contribuyendo con esta, no solo al desarrollo f\u00edsico de la...","_links":{"self":[{"href":"https:\/\/www.cbciudaddecadiz.com\/index.php\/wp-json\/wp\/v2\/pages\/151","targetHints":{"allow":["GET"]}}],"collection":[{"href":"https:\/\/www.cbciudaddecadiz.com\/index.php\/wp-json\/wp\/v2\/pages"}],"about":[{"href":"https:\/\/www.cbciudaddecadiz.com\/index.php\/wp-json\/wp\/v2\/types\/page"}],"author":[{"embeddable":true,"href":"https:\/\/www.cbciudaddecadiz.com\/index.php\/wp-json\/wp\/v2\/users\/1"}],"replies":[{"embeddable":true,"href":"https:\/\/www.cbciudaddecadiz.com\/index.php\/wp-json\/wp\/v2\/comments?post=151"}],"version-history":[{"count":3,"href":"https:\/\/www.cbciudaddecadiz.com\/index.php\/wp-json\/wp\/v2\/pages\/151\/revisions"}],"predecessor-version":[{"id":156,"href":"https:\/\/www.cbciudaddecadiz.com\/index.php\/wp-json\/wp\/v2\/pages\/151\/revisions\/156"}],"wp:attachment":[{"href":"https:\/\/www.cbciudaddecadiz.com\/index.php\/wp-json\/wp\/v2\/media?parent=151"}],"curies":[{"name":"wp","href":"https:\/\/api.w.org\/{rel}","templated":true}]}}