{"id":238,"date":"2021-05-16T12:02:31","date_gmt":"2021-05-16T10:02:31","guid":{"rendered":"https:\/\/www.cbciudaddecadiz.com\/?page_id=238"},"modified":"2023-06-21T13:28:25","modified_gmt":"2023-06-21T11:28:25","slug":"formulario-de-inscripcion-para-la-temporada-2021-22","status":"publish","type":"page","link":"https:\/\/www.cbciudaddecadiz.com\/index.php\/formulario-de-inscripcion-para-la-temporada-2021-22\/","title":{"rendered":"Ap\u00fantate aqu\u00ed para la temporada 2022\/23"},"content":{"rendered":"<div class=\"wpforms-container wpforms-container-full\" id=\"wpforms-237\"><form id=\"wpforms-form-237\" class=\"wpforms-validate wpforms-form\" data-formid=\"237\" method=\"post\" enctype=\"multipart\/form-data\" action=\"\/index.php\/wp-json\/wp\/v2\/pages\/238\" data-token=\"c63a6a46ec3faba4847586f6cc2a37a5\" data-token-time=\"1777629172\"><noscript class=\"wpforms-error-noscript\">Por favor, activa JavaScript en tu navegador para completar este formulario.<\/noscript><div class=\"wpforms-field-container\"><div id=\"wpforms-237-field_0-container\" class=\"wpforms-field wpforms-field-name\" data-field-id=\"0\"><label class=\"wpforms-field-label\" for=\"wpforms-237-field_0\">DATOS DEL SOCIO\/A (PADRE, MADRE O TUTOR\/A EN CASO DE MENORES DE EDAD): <span class=\"wpforms-required-label\">*<\/span><\/label><div class=\"wpforms-field-row wpforms-field-large\"><div class=\"wpforms-field-row-block wpforms-first wpforms-one-half\"><input type=\"text\" id=\"wpforms-237-field_0\" class=\"wpforms-field-name-first wpforms-field-required\" name=\"wpforms[fields][0][first]\" placeholder=\"Nombre *\" required><label for=\"wpforms-237-field_0\" class=\"wpforms-field-sublabel after wpforms-sublabel-hide\">Nombre<\/label><\/div><div class=\"wpforms-field-row-block wpforms-one-half\"><input type=\"text\" id=\"wpforms-237-field_0-last\" class=\"wpforms-field-name-last wpforms-field-required\" name=\"wpforms[fields][0][last]\" placeholder=\"Apellidos *\" required><label for=\"wpforms-237-field_0-last\" class=\"wpforms-field-sublabel after wpforms-sublabel-hide\">Apellidos<\/label><\/div><\/div><\/div><div id=\"wpforms-237-field_33-container\" class=\"wpforms-field wpforms-field-text wpforms-one-third wpforms-first\" data-field-id=\"33\"><label class=\"wpforms-field-label wpforms-label-hide\" for=\"wpforms-237-field_33\">DNI <span class=\"wpforms-required-label\">*<\/span><\/label><input type=\"text\" id=\"wpforms-237-field_33\" class=\"wpforms-field-large wpforms-field-required\" name=\"wpforms[fields][33]\" placeholder=\"N\u00ba DNI *\" required><\/div><div id=\"wpforms-237-field_6-container\" class=\"wpforms-field wpforms-field-text wpforms-one-third\" data-field-id=\"6\"><label class=\"wpforms-field-label wpforms-label-hide\" for=\"wpforms-237-field_6\">Profesi\u00f3n <span class=\"wpforms-required-label\">*<\/span><\/label><input type=\"text\" id=\"wpforms-237-field_6\" class=\"wpforms-field-large wpforms-field-required\" name=\"wpforms[fields][6]\" placeholder=\"Profesi\u00f3n *\" required><\/div><div id=\"wpforms-237-field_7-container\" class=\"wpforms-field wpforms-field-text wpforms-one-third\" data-field-id=\"7\"><label class=\"wpforms-field-label wpforms-label-hide\" for=\"wpforms-237-field_7\">Domicilio <span class=\"wpforms-required-label\">*<\/span><\/label><input type=\"text\" id=\"wpforms-237-field_7\" class=\"wpforms-field-large wpforms-field-required\" name=\"wpforms[fields][7]\" placeholder=\"Domicilio *\" required><\/div><div id=\"wpforms-237-field_8-container\" class=\"wpforms-field wpforms-field-text wpforms-one-fourth wpforms-first\" data-field-id=\"8\"><label class=\"wpforms-field-label wpforms-label-hide\" for=\"wpforms-237-field_8\">Poblaci\u00f3n <span class=\"wpforms-required-label\">*<\/span><\/label><input type=\"text\" id=\"wpforms-237-field_8\" class=\"wpforms-field-large wpforms-field-required\" name=\"wpforms[fields][8]\" placeholder=\"Poblaci\u00f3n *\" required><\/div><div id=\"wpforms-237-field_9-container\" class=\"wpforms-field wpforms-field-text wpforms-one-fourth\" data-field-id=\"9\"><label class=\"wpforms-field-label wpforms-label-hide\" for=\"wpforms-237-field_9\">Provincia <span class=\"wpforms-required-label\">*<\/span><\/label><input type=\"text\" id=\"wpforms-237-field_9\" class=\"wpforms-field-large wpforms-field-required\" name=\"wpforms[fields][9]\" placeholder=\"Provincia *\" required><\/div><div id=\"wpforms-237-field_10-container\" class=\"wpforms-field wpforms-field-number wpforms-one-fourth\" data-field-id=\"10\"><label class=\"wpforms-field-label wpforms-label-hide\" for=\"wpforms-237-field_10\">C\u00f3digo Postal <span class=\"wpforms-required-label\">*<\/span><\/label><input type=\"number\" id=\"wpforms-237-field_10\" class=\"wpforms-field-large wpforms-field-required\" name=\"wpforms[fields][10]\" placeholder=\"C\u00f3digo Postal *\" step=\"any\" required><\/div><div id=\"wpforms-237-field_11-container\" class=\"wpforms-field wpforms-field-number wpforms-one-fourth\" data-field-id=\"11\"><label class=\"wpforms-field-label wpforms-label-hide\" for=\"wpforms-237-field_11\">Tel\u00e9fono fijo<\/label><input type=\"number\" id=\"wpforms-237-field_11\" class=\"wpforms-field-large\" name=\"wpforms[fields][11]\" placeholder=\"Tel\u00e9fono fijo\" step=\"any\" ><\/div><div id=\"wpforms-237-field_12-container\" class=\"wpforms-field wpforms-field-number wpforms-one-half wpforms-first\" data-field-id=\"12\"><label class=\"wpforms-field-label wpforms-label-hide\" for=\"wpforms-237-field_12\">Tel\u00e9fono m\u00f3vil <span class=\"wpforms-required-label\">*<\/span><\/label><input type=\"number\" id=\"wpforms-237-field_12\" class=\"wpforms-field-large wpforms-field-required\" name=\"wpforms[fields][12]\" placeholder=\"Tel\u00e9fono M\u00f3vil *\" step=\"any\" required><\/div><div id=\"wpforms-237-field_1-container\" class=\"wpforms-field wpforms-field-email wpforms-one-half\" data-field-id=\"1\"><label class=\"wpforms-field-label wpforms-label-hide\" for=\"wpforms-237-field_1\">Correo electr\u00f3nico * <span class=\"wpforms-required-label\">*<\/span><\/label><input type=\"email\" id=\"wpforms-237-field_1\" class=\"wpforms-field-large wpforms-field-required\" name=\"wpforms[fields][1]\" placeholder=\"Correo electr\u00f3nico *\" spellcheck=\"false\" required><\/div><div id=\"wpforms-237-field_13-container\" class=\"wpforms-field wpforms-field-name\" data-field-id=\"13\"><label class=\"wpforms-field-label\" for=\"wpforms-237-field_13\">DATOS DEL JUGADOR\/A <span class=\"wpforms-required-label\">*<\/span><\/label><div class=\"wpforms-field-row wpforms-field-large\"><div class=\"wpforms-field-row-block wpforms-first wpforms-one-half\"><input type=\"text\" id=\"wpforms-237-field_13\" class=\"wpforms-field-name-first wpforms-field-required\" name=\"wpforms[fields][13][first]\" placeholder=\"Nombre *\" required><label for=\"wpforms-237-field_13\" class=\"wpforms-field-sublabel after wpforms-sublabel-hide\">Nombre<\/label><\/div><div class=\"wpforms-field-row-block wpforms-one-half\"><input type=\"text\" id=\"wpforms-237-field_13-last\" class=\"wpforms-field-name-last wpforms-field-required\" name=\"wpforms[fields][13][last]\" placeholder=\"Apellidos *\" required><label for=\"wpforms-237-field_13-last\" class=\"wpforms-field-sublabel after wpforms-sublabel-hide\">Apellidos<\/label><\/div><\/div><\/div><div id=\"wpforms-237-field_14-container\" class=\"wpforms-field wpforms-field-text wpforms-one-fourth wpforms-first\" data-field-id=\"14\"><label class=\"wpforms-field-label wpforms-label-hide\" for=\"wpforms-237-field_14\">Fecha de nacimiento <span class=\"wpforms-required-label\">*<\/span><\/label><input type=\"text\" id=\"wpforms-237-field_14\" class=\"wpforms-field-large wpforms-field-required\" name=\"wpforms[fields][14]\" placeholder=\"Fecha de nacimiento *\" required><\/div><div id=\"wpforms-237-field_34-container\" class=\"wpforms-field wpforms-field-text wpforms-one-fourth\" data-field-id=\"34\"><label class=\"wpforms-field-label wpforms-label-hide\" for=\"wpforms-237-field_34\">DNI <span class=\"wpforms-required-label\">*<\/span><\/label><input type=\"text\" id=\"wpforms-237-field_34\" class=\"wpforms-field-large wpforms-field-required\" name=\"wpforms[fields][34]\" placeholder=\"N\u00ba DNI\" required><\/div><div id=\"wpforms-237-field_16-container\" class=\"wpforms-field wpforms-field-number wpforms-one-fourth\" data-field-id=\"16\"><label class=\"wpforms-field-label wpforms-label-hide\" for=\"wpforms-237-field_16\">Fecha de inscripci\u00f3n<\/label><input type=\"number\" id=\"wpforms-237-field_16\" class=\"wpforms-field-large\" name=\"wpforms[fields][16]\" placeholder=\"Fecha de inscripci\u00f3n\" step=\"any\" ><\/div><div id=\"wpforms-237-field_17-container\" class=\"wpforms-field wpforms-field-text wpforms-one-fourth\" data-field-id=\"17\"><label class=\"wpforms-field-label wpforms-label-hide\" for=\"wpforms-237-field_17\">Centro educativo <span class=\"wpforms-required-label\">*<\/span><\/label><input type=\"text\" id=\"wpforms-237-field_17\" class=\"wpforms-field-large wpforms-field-required\" name=\"wpforms[fields][17]\" placeholder=\"Centro educativo *\" required><div class=\"wpforms-field-description\">En caso de jugador o jugadora de categor\u00eda senior poner NO ESTUDIANTE<\/div><\/div><div id=\"wpforms-237-field_18-container\" class=\"wpforms-field wpforms-field-name\" data-field-id=\"18\"><label class=\"wpforms-field-label\" for=\"wpforms-237-field_18\">DATOS DEL JUGADOR\/A (2)<\/label><div class=\"wpforms-field-row wpforms-field-large\"><div class=\"wpforms-field-row-block wpforms-first wpforms-one-half\"><input type=\"text\" id=\"wpforms-237-field_18\" class=\"wpforms-field-name-first\" name=\"wpforms[fields][18][first]\" placeholder=\"Nombre\" ><label for=\"wpforms-237-field_18\" class=\"wpforms-field-sublabel after wpforms-sublabel-hide\">Nombre<\/label><\/div><div class=\"wpforms-field-row-block wpforms-one-half\"><input type=\"text\" id=\"wpforms-237-field_18-last\" class=\"wpforms-field-name-last\" name=\"wpforms[fields][18][last]\" placeholder=\"Apellidos\" ><label for=\"wpforms-237-field_18-last\" class=\"wpforms-field-sublabel after wpforms-sublabel-hide\">Apellidos<\/label><\/div><\/div><\/div><div id=\"wpforms-237-field_19-container\" class=\"wpforms-field wpforms-field-text wpforms-one-fourth wpforms-first\" data-field-id=\"19\"><label class=\"wpforms-field-label wpforms-label-hide\" for=\"wpforms-237-field_19\">Fecha de nacimiento (2)<\/label><input type=\"text\" id=\"wpforms-237-field_19\" class=\"wpforms-field-large\" name=\"wpforms[fields][19]\" placeholder=\"Fecha de nacimiento\" ><\/div><div id=\"wpforms-237-field_35-container\" class=\"wpforms-field wpforms-field-text wpforms-one-fourth\" data-field-id=\"35\"><label class=\"wpforms-field-label wpforms-label-hide\" for=\"wpforms-237-field_35\">DNI (2)<\/label><input type=\"text\" id=\"wpforms-237-field_35\" class=\"wpforms-field-large\" name=\"wpforms[fields][35]\" placeholder=\"N\u00ba DNI\" ><\/div><div id=\"wpforms-237-field_21-container\" class=\"wpforms-field wpforms-field-number wpforms-one-fourth\" data-field-id=\"21\"><label class=\"wpforms-field-label wpforms-label-hide\" for=\"wpforms-237-field_21\">Fecha de inscripci\u00f3n (2)<\/label><input type=\"number\" id=\"wpforms-237-field_21\" class=\"wpforms-field-large\" name=\"wpforms[fields][21]\" placeholder=\"Fecha de inscripci\u00f3n\" step=\"any\" ><\/div><div id=\"wpforms-237-field_22-container\" class=\"wpforms-field wpforms-field-text wpforms-one-fourth\" data-field-id=\"22\"><label class=\"wpforms-field-label wpforms-label-hide\" for=\"wpforms-237-field_22\">Centro educativo (2)<\/label><input type=\"text\" id=\"wpforms-237-field_22\" class=\"wpforms-field-large\" name=\"wpforms[fields][22]\" placeholder=\"Centro educativo\" ><div class=\"wpforms-field-description\">En caso de jugador o jugadora de categor\u00eda senior poner NO ESTUDIANTE<\/div><\/div><div id=\"wpforms-237-field_38-container\" class=\"wpforms-field wpforms-field-name\" data-field-id=\"38\"><label class=\"wpforms-field-label\" for=\"wpforms-237-field_38\">DATOS DEL JUGADOR\/A (3)<\/label><div class=\"wpforms-field-row wpforms-field-large\"><div class=\"wpforms-field-row-block wpforms-first wpforms-one-half\"><input type=\"text\" id=\"wpforms-237-field_38\" class=\"wpforms-field-name-first\" name=\"wpforms[fields][38][first]\" placeholder=\"Nombre\" ><label for=\"wpforms-237-field_38\" class=\"wpforms-field-sublabel after wpforms-sublabel-hide\">Nombre<\/label><\/div><div class=\"wpforms-field-row-block wpforms-one-half\"><input type=\"text\" id=\"wpforms-237-field_38-last\" class=\"wpforms-field-name-last\" name=\"wpforms[fields][38][last]\" placeholder=\"Apellidos\" ><label for=\"wpforms-237-field_38-last\" class=\"wpforms-field-sublabel after wpforms-sublabel-hide\">Apellidos<\/label><\/div><\/div><\/div><div id=\"wpforms-237-field_39-container\" class=\"wpforms-field wpforms-field-text wpforms-one-fourth wpforms-first\" data-field-id=\"39\"><label class=\"wpforms-field-label wpforms-label-hide\" for=\"wpforms-237-field_39\">Fecha de nacimiento (3)<\/label><input type=\"text\" id=\"wpforms-237-field_39\" class=\"wpforms-field-large\" name=\"wpforms[fields][39]\" placeholder=\"Fecha de nacimiento\" ><\/div><div id=\"wpforms-237-field_40-container\" class=\"wpforms-field wpforms-field-text wpforms-one-fourth\" data-field-id=\"40\"><label class=\"wpforms-field-label wpforms-label-hide\" for=\"wpforms-237-field_40\">DNI (3)<\/label><input type=\"text\" id=\"wpforms-237-field_40\" class=\"wpforms-field-large\" name=\"wpforms[fields][40]\" placeholder=\"N\u00ba DNI\" ><\/div><div id=\"wpforms-237-field_41-container\" class=\"wpforms-field wpforms-field-number wpforms-one-fourth\" data-field-id=\"41\"><label class=\"wpforms-field-label wpforms-label-hide\" for=\"wpforms-237-field_41\">Fecha de inscripci\u00f3n (3)<\/label><input type=\"number\" id=\"wpforms-237-field_41\" class=\"wpforms-field-large\" name=\"wpforms[fields][41]\" placeholder=\"Fecha de inscripci\u00f3n\" step=\"any\" ><\/div><div id=\"wpforms-237-field_42-container\" class=\"wpforms-field wpforms-field-text wpforms-one-fourth\" data-field-id=\"42\"><label class=\"wpforms-field-label wpforms-label-hide\" for=\"wpforms-237-field_42\">Centro educativo (3)<\/label><input type=\"text\" id=\"wpforms-237-field_42\" class=\"wpforms-field-large\" name=\"wpforms[fields][42]\" placeholder=\"Centro educativo\" ><div class=\"wpforms-field-description\">En caso de jugador o jugadora de categor\u00eda senior poner NO ESTUDIANTE<\/div><\/div><div id=\"wpforms-237-field_2-container\" class=\"wpforms-field wpforms-field-textarea\" data-field-id=\"2\"><label class=\"wpforms-field-label\" for=\"wpforms-237-field_2\">Observaciones (enfermedades, alergias o cualquier otra cosa que debamos tener en cuenta)<\/label><textarea id=\"wpforms-237-field_2\" class=\"wpforms-field-medium\" name=\"wpforms[fields][2]\" ><\/textarea><\/div><div id=\"wpforms-237-field_29-container\" class=\"wpforms-field wpforms-field-radio wpforms-list-2-columns\" data-field-id=\"29\"><label class=\"wpforms-field-label\">FORMA DE PAGO (Indique como va a efectuar el pago de la temporada 2025\/26 <span class=\"wpforms-required-label\">*<\/span><\/label><ul id=\"wpforms-237-field_29\" class=\"wpforms-field-required\"><li class=\"choice-1 depth-1\"><input type=\"radio\" id=\"wpforms-237-field_29_1\" name=\"wpforms[fields][29]\" value=\"Pago \u00fanico de 360 \u20ac (1 jugador\/a)\" required ><label class=\"wpforms-field-label-inline\" for=\"wpforms-237-field_29_1\">Pago \u00fanico de 360 \u20ac (1 jugador\/a)<\/label><\/li><li class=\"choice-2 depth-1\"><input type=\"radio\" id=\"wpforms-237-field_29_2\" name=\"wpforms[fields][29]\" value=\"12 cuotas mensuales de 30 \u20ac (1 jugador\/a)\" required ><label class=\"wpforms-field-label-inline\" for=\"wpforms-237-field_29_2\">12 cuotas mensuales de 30 \u20ac (1 jugador\/a)<\/label><\/li><li class=\"choice-3 depth-1\"><input type=\"radio\" id=\"wpforms-237-field_29_3\" name=\"wpforms[fields][29]\" value=\"Pago \u00fanico de 420 \u20ac (2 hermanos\/as)\" required ><label class=\"wpforms-field-label-inline\" for=\"wpforms-237-field_29_3\">Pago \u00fanico de 420 \u20ac (2 hermanos\/as)<\/label><\/li><li class=\"choice-4 depth-1\"><input type=\"radio\" id=\"wpforms-237-field_29_4\" name=\"wpforms[fields][29]\" value=\"12 cuotas mensuales de 35 \u20ac (2 hermanos\/as)\" required ><label class=\"wpforms-field-label-inline\" for=\"wpforms-237-field_29_4\">12 cuotas mensuales de 35 \u20ac (2 hermanos\/as)<\/label><\/li><li class=\"choice-6 depth-1\"><input type=\"radio\" id=\"wpforms-237-field_29_6\" name=\"wpforms[fields][29]\" value=\"Pago \u00fanico de 540 \u20ac (3hermanos\/as)\" required ><label class=\"wpforms-field-label-inline\" for=\"wpforms-237-field_29_6\">Pago \u00fanico de 540 \u20ac (3hermanos\/as)<\/label><\/li><li class=\"choice-5 depth-1\"><input type=\"radio\" id=\"wpforms-237-field_29_5\" name=\"wpforms[fields][29]\" value=\"12 cuotas mensuales de 45 \u20ac (3 hermanos\/as)\" required ><label class=\"wpforms-field-label-inline\" for=\"wpforms-237-field_29_5\">12 cuotas mensuales de 45 \u20ac (3 hermanos\/as)<\/label><\/li><li class=\"choice-7 depth-1\"><input type=\"radio\" id=\"wpforms-237-field_29_7\" name=\"wpforms[fields][29]\" value=\"3 cuotas trimestrales de 120\u20ac (septiembre, diciembre y marzo). Obligatoria para jugadores y jugadoras de los equipos senior.\" required ><label class=\"wpforms-field-label-inline\" for=\"wpforms-237-field_29_7\">3 cuotas trimestrales de 120\u20ac (septiembre, diciembre y marzo). Obligatoria para jugadores y jugadoras de los equipos senior.<\/label><\/li><\/ul><div class=\"wpforms-field-description\">En el caso de elegir las 12 cuotas mensuales, los pagos de las mismas se iniciar\u00e1n en el mes de julio y \u00e9stas se pagar\u00e1n a lo largo de los 12 meses de la temporada (una temporada va de julio a junio). \n\nSi va a incorporarse con la temporada ya iniciada  p\u00f3ngase en contacto con nosotros por WhatsApp en el 613 01 66 18.<\/div><\/div><div id=\"wpforms-237-field_36-container\" class=\"wpforms-field wpforms-field-checkbox\" data-field-id=\"36\"><label class=\"wpforms-field-label\">Inscripci\u00f3n como socio del Club Baloncesto Ciudad de C\u00e1diz para la temporada 2025\/26 <span class=\"wpforms-required-label\">*<\/span><\/label><ul id=\"wpforms-237-field_36\" class=\"wpforms-field-required\"><li class=\"choice-1 depth-1\"><input type=\"checkbox\" id=\"wpforms-237-field_36_1\" name=\"wpforms[fields][36][]\" value=\"Acepto ser dado de alta o renovado como socio del Club Baloncesto Ciudad de C\u00e1diz para la temporada 2025\/26.\" required ><label class=\"wpforms-field-label-inline\" for=\"wpforms-237-field_36_1\">Acepto ser dado de alta o renovado como socio del Club Baloncesto Ciudad de C\u00e1diz para la temporada 2025\/26.<\/label><\/li><\/ul><div class=\"wpforms-field-description wpforms-disclaimer-description\">Al aceptar ser dado de alta como socio del club est\u00e1s dando tu conformidad a los siguientes puntos:<br \/>\n<br \/>\n- Autorizo que mi hijo\/a o mis hijo\/as entrenen y sean inscritos en las competiciones FEDERADAS y MUNICIPALES con el equipo que les corresponda por edad.<br \/>\n<br \/>\n- Autorizo que mi hijo\/a o mis hijos\/as puedan desplazarse en el coche de un entrenador u otro socio, en el caso de no poder acudir al desplazamiento (esta autorizaci\u00f3n no obliga a que un ni\u00f1o o ni\u00f1a tenga que ir en otro coche si sus padres no pueden ir).<br \/>\n<br \/>\n- Autorizo que la FAB, el club y sus socios o miembros puedan publicar fotos o videos de los equipos, de partidos, entrenamientos, convivencias,\u2026, siempre y cuando no lo hagan con \u00e1nimo de lucro.<br \/>\n<br \/>\n- Acepto el <a href=\"https:\/\/www.cbciudaddecadiz.com\/index.php\/regimen-interno-del-club\/\" rel=\"nofollow\" target=\"_blank\">R\u00e9gimen interno del club<\/a>.<br \/>\n<br \/>\n- En el caso de causar baja antes de acabar la temporada, me comprometo a hacer frente al pago de la totalidad de la temporada, si a mi hijo o hija ya se le ha tramitado la licencia federativa. El no cumplir con todos los pagos causan un gran perjuicio al club, ya que el club est\u00e1 obligado a afrontar los gastos de la temporada completa de cada jugador.<\/div><\/div><div id=\"wpforms-237-field_31-container\" class=\"wpforms-field wpforms-field-gdpr-checkbox\" data-field-id=\"31\"><label class=\"wpforms-field-label wpforms-label-hide\">Acuerdo RGPD  <span class=\"wpforms-required-label\">*<\/span><\/label><ul id=\"wpforms-237-field_31\" class=\"wpforms-field-required\"><li class=\"choice-1\"><input type=\"checkbox\" id=\"wpforms-237-field_31_1\" name=\"wpforms[fields][31][]\" value=\"Doy mi consentimiento para que esta web almacene la informaci\u00f3n que env\u00edo para que puedan tramitar mi solicitud de inscripci\u00f3n (Acuerdo RGPD). \" required ><label class=\"wpforms-field-label-inline\" for=\"wpforms-237-field_31_1\">Doy mi consentimiento para que esta web almacene la informaci\u00f3n que env\u00edo para que puedan tramitar mi solicitud de inscripci\u00f3n (Acuerdo RGPD).  <span class=\"wpforms-required-label\">*<\/span><\/label><\/li><\/ul><\/div><div id=\"wpforms-237-field_30-container\" class=\"wpforms-field wpforms-field-checkbox\" data-field-id=\"30\"><label class=\"wpforms-field-label wpforms-label-hide\">Ley de privacidad <span class=\"wpforms-required-label\">*<\/span><\/label><ul id=\"wpforms-237-field_30\" class=\"wpforms-field-required\"><li class=\"choice-6 depth-1\"><input type=\"checkbox\" id=\"wpforms-237-field_30_6\" name=\"wpforms[fields][30][]\" value=\"Acepto la &lt;a href=&quot;https:\/\/www.cbciudaddecadiz.com\/index.php\/politica-de-privacidad\/&quot; rel=&quot;nofollow&quot; target=&quot;_blank&quot;&gt;Pol\u00edtica de privacidad de esta web.&lt;\/a&gt;\" required ><label class=\"wpforms-field-label-inline\" for=\"wpforms-237-field_30_6\">Acepto la <a href=\"https:\/\/www.cbciudaddecadiz.com\/index.php\/politica-de-privacidad\/\" rel=\"nofollow\" target=\"_blank\">Pol\u00edtica de privacidad de esta web.<\/a> <span class=\"wpforms-required-label\">*<\/span><\/label><\/li><\/ul><div class=\"wpforms-field-description wpforms-disclaimer-description\">Es mi deber informarte que los datos de car\u00e1cter personal que me proporciones rellenando el presente formulario ser\u00e1n tratados por el Club Baloncesto Ciudad de C\u00e1diz como responsable de esta web.<br \/>\n<br \/>\nLa finalidad de la recogida y tratamiento de los datos personales que te solicito es para gestionar la solicitud que realizas en este formulario de contacto.<br \/>\n<br \/>\nLegitimaci\u00f3n: Consentimiento del interesado.<br \/>\n<br \/>\nComo usuario e interesado te informo que los datos que me facilitas estar\u00e1n ubicados en los servidores de SERED (proveedor de  www.cbciudaddecadiz.com) dentro de la UE. <a href=\"https:\/\/sered.net\/politica-de-privacidad\" rel=\"nofollow\" target=\"_blank\">Ver pol\u00edtica de privacidad de SERED<\/a>*<br \/>\n<br \/>\nEl hecho de que no introduzcas los datos de car\u00e1cter personal que aparecen en el formulario como obligatorios podr\u00e1 tener como consecuencia que no pueda atender tu solicitud.<br \/>\n<br \/>\nPodr\u00e1s ejercer tus derechos de acceso, rectificaci\u00f3n, limitaci\u00f3n y suprimir los datos escribi\u00e9ndome a contacto@cbciudaddecadiz.com as\u00ed como el derecho a presentar una reclamaci\u00f3n ante una autoridad de control.<br \/>\n<br \/>\nPuedes consultar la informaci\u00f3n adicional y detallada sobre Protecci\u00f3n de Datos en mi p\u00e1gina web: https:\/\/www.cbciudaddecadiz.com, as\u00ed como consultar nuestra <a href=\"https:\/\/www.cbciudaddecadiz.com\/index.php\/politica-de-privacidad\/\" rel=\"nofollow\" target=\"_blank\">Pol\u00edtica de privacidad<\/a>*<\/div><\/div><\/div><!-- .wpforms-field-container --><div class=\"wpforms-submit-container\" ><input type=\"hidden\" name=\"wpforms[id]\" value=\"237\"><input type=\"hidden\" name=\"page_title\" value=\"\"><input type=\"hidden\" name=\"page_url\" value=\"https:\/\/www.cbciudaddecadiz.com\/index.php\/wp-json\/wp\/v2\/pages\/238\"><input type=\"hidden\" name=\"url_referer\" value=\"\"><button type=\"submit\" name=\"wpforms[submit]\" id=\"wpforms-submit-237\" class=\"wpforms-submit\" aria-live=\"assertive\" value=\"wpforms-submit\">Enviar<\/button><\/div><\/form><\/div>  <!-- .wpforms-container -->\n","protected":false},"excerpt":{"rendered":"","protected":false},"author":1,"featured_media":0,"parent":0,"menu_order":0,"comment_status":"closed","ping_status":"closed","template":"","meta":{"_uag_custom_page_level_css":"","_monsterinsights_skip_tracking":false,"_monsterinsights_sitenote_active":false,"_monsterinsights_sitenote_note":"","_monsterinsights_sitenote_category":0,"_kad_post_transparent":"","_kad_post_title":"","_kad_post_layout":"","_kad_post_sidebar_id":"","_kad_post_content_style":"","_kad_post_vertical_padding":"","_kad_post_feature":"","_kad_post_feature_position":"","_kad_post_header":false,"_kad_post_footer":false,"_kad_post_classname":"","footnotes":""},"class_list":["post-238","page","type-page","status-publish","hentry"],"uagb_featured_image_src":{"full":false,"thumbnail":false,"medium":false,"medium_large":false,"large":false,"1536x1536":false,"2048x2048":false},"uagb_author_info":{"display_name":"CBC C\u00e1diz","author_link":"https:\/\/www.cbciudaddecadiz.com\/index.php\/author\/admin\/"},"uagb_comment_info":0,"uagb_excerpt":null,"_links":{"self":[{"href":"https:\/\/www.cbciudaddecadiz.com\/index.php\/wp-json\/wp\/v2\/pages\/238","targetHints":{"allow":["GET"]}}],"collection":[{"href":"https:\/\/www.cbciudaddecadiz.com\/index.php\/wp-json\/wp\/v2\/pages"}],"about":[{"href":"https:\/\/www.cbciudaddecadiz.com\/index.php\/wp-json\/wp\/v2\/types\/page"}],"author":[{"embeddable":true,"href":"https:\/\/www.cbciudaddecadiz.com\/index.php\/wp-json\/wp\/v2\/users\/1"}],"replies":[{"embeddable":true,"href":"https:\/\/www.cbciudaddecadiz.com\/index.php\/wp-json\/wp\/v2\/comments?post=238"}],"version-history":[{"count":10,"href":"https:\/\/www.cbciudaddecadiz.com\/index.php\/wp-json\/wp\/v2\/pages\/238\/revisions"}],"predecessor-version":[{"id":1286,"href":"https:\/\/www.cbciudaddecadiz.com\/index.php\/wp-json\/wp\/v2\/pages\/238\/revisions\/1286"}],"wp:attachment":[{"href":"https:\/\/www.cbciudaddecadiz.com\/index.php\/wp-json\/wp\/v2\/media?parent=238"}],"curies":[{"name":"wp","href":"https:\/\/api.w.org\/{rel}","templated":true}]}}