{"id":251,"date":"2021-05-16T14:53:14","date_gmt":"2021-05-16T12:53:14","guid":{"rendered":"https:\/\/www.cbciudaddecadiz.com\/?page_id=251"},"modified":"2021-05-16T14:53:15","modified_gmt":"2021-05-16T12:53:15","slug":"regimen-interno-del-club","status":"publish","type":"page","link":"https:\/\/www.cbciudaddecadiz.com\/index.php\/regimen-interno-del-club\/","title":{"rendered":"R\u00e9gimen interno del club"},"content":{"rendered":"\n<div class=\"wp-block-image\"><figure class=\"alignright size-large is-resized\"><img decoding=\"async\" data-src=\"https:\/\/www.cbciudaddecadiz.com\/wp-content\/uploads\/2021\/04\/logo.png\" alt=\"\" class=\"wp-image-39 lazyload\" width=\"324\" height=\"323\" data-srcset=\"https:\/\/www.cbciudaddecadiz.com\/wp-content\/uploads\/2021\/04\/logo.png 512w, https:\/\/www.cbciudaddecadiz.com\/wp-content\/uploads\/2021\/04\/logo-300x300.png 300w, https:\/\/www.cbciudaddecadiz.com\/wp-content\/uploads\/2021\/04\/logo-150x150.png 150w\" data-sizes=\"(max-width: 324px) 100vw, 324px\" src=\"data:image\/svg+xml;base64,PHN2ZyB3aWR0aD0iMSIgaGVpZ2h0PSIxIiB4bWxucz0iaHR0cDovL3d3dy53My5vcmcvMjAwMC9zdmciPjwvc3ZnPg==\" style=\"--smush-placeholder-width: 324px; --smush-placeholder-aspect-ratio: 324\/323;\" \/><\/figure><\/div>\n\n\n\n<p>Para facilitar la convivencia, el desarrollo de la actividad principal de esta secci\u00f3n de baloncesto y para abarcar todos los actos que se deriven de la actividad que se desarrolla y otras que en el futuro pudieran plantearse por sus \u00f3rganos directivos, se realiza el presente reglamento.<\/p>\n\n\n\n<p>\u00a0<strong>1- OBJETIVOS<\/strong><\/p>\n\n\n\n<ol class=\"wp-block-list\" type=\"1\"><li>Inculcar a nuestros jugadores, t\u00e9cnicos, delegados y directivos, los principios de respeto, esfuerzo, compa\u00f1erismo, responsabilidad, convivencia y libertad.<\/li><li>Ofrecer los recursos materiales y humanos necesarios para conseguir las mejores y m\u00e1s altas metas f\u00edsicas, deportivas y t\u00e9cnico \u2013 t\u00e1cticas.&nbsp;<\/li><li>Potenciar los h\u00e1bitos deportivos b\u00e1sicos a nuestros jugadores como parte de su proceso formativo.&nbsp;<\/li><li>Crear h\u00e1bitos de higiene y salud, que permitan un desarrollo personal sano y un aprecio por el cuerpo y su bienestar en nuestros jugadores.&nbsp;<\/li><li>Favorecer y potenciar la autoestima y la confianza en s\u00ed mismos, como base para el desarrollo de personalidades aut\u00f3nomas.&nbsp;<\/li><li>Crear en los entrenamientos y en las actividades que desarrolle el club, un ambiente agradable y divertido, que aumente la motivaci\u00f3n personal.&nbsp;<\/li><li>Crear en los diferentes equipos los h\u00e1bitos de cooperaci\u00f3n, ayuda mutua y esp\u00edritu de equipo.<\/li><\/ol>\n\n\n\n<p><strong>2- DERECHOS Y DEBERES<\/strong>\u00a0<\/p>\n\n\n\n<p><strong>2.1- Derechos:<\/strong><\/p>\n\n\n\n<ul class=\"wp-block-list\"><li>Todas los Jugadores, tienen derecho a que su actividad deportiva se desarrolle en las mejores condiciones de espacio, material y con la supervisi\u00f3n t\u00e9cnica id\u00f3nea.<\/li><li>Todos los componentes de la organizaci\u00f3n, tienen derecho a que se respete su integridad f\u00edsica&nbsp;y moral as\u00ed como su dignidad personal, no pudiendo ser objeto, en ning\u00fan caso de tratos vejatorios o degradantes.<\/li><li>El ejercicio de sus derechos implica el reconocimiento y respeto de los derechos de los dem\u00e1s miembros de la entidad.&nbsp;<\/li><\/ul>\n\n\n\n<p><strong>2.2- Deberes:<\/strong><\/p>\n\n\n\n<ul class=\"wp-block-list\"><li>Asistir a los entrenamientos y partidos con una actitud adecuada.<\/li><li>Respetar los horarios marcados para entrenamientos y partidos.<\/li><li>Seguir en todo momento las orientaciones marcadas por el cuadro t\u00e9cnico.<\/li><li>Respeto al derecho de la pr\u00e1ctica deportiva de sus compa\u00f1eras.<\/li><li>Respeto a las instalaciones, mobiliario y material.<\/li><li>Justificar las faltas de asistencia a los entrenamientos, partidos y las actividades que pueda programar el club.<\/li><li>Acudir provisto del material necesario y adecuado para el desarrollo de la actividad.<\/li><li>Mantener la debida correcci\u00f3n dentro y fuera de las instalaciones.<\/li><li>Someterse a todas las pruebas y reconocimientos que sean programados como necesarios y obligatorios.<\/li><li>No discriminar a ning\u00fan miembro del club, por raz\u00f3n de nacimiento, raza, o por cualquier circunstancia personal y o social.<\/li><li>Respetar la dignidad y funci\u00f3n de cuantas personas trabajan en el club.<\/li><li>Conocer y cumplir el presente reglamento.&nbsp;<\/li><\/ul>\n\n\n\n<p><strong>3- NORMAS DE CONVIVENCIA<\/strong><\/p>\n\n\n\n<p>Las normas de convivencia del Club concretan los deberes de los jugadores y establecen las correcciones que correspondan en su caso.<\/p>\n\n\n\n<p><strong>Con car<\/strong><strong>\u00e1<\/strong><strong>cter general:<\/strong><\/p>\n\n\n\n<ul class=\"wp-block-list\"><li>El comportamiento debe ser ejemplar dentro y fuera de los terrenos de juego, demostrando humildad y respeto hacia los adversarios, \u00e1rbitros, entrenadores y personal de las instalaciones, teniendo presente la instituci\u00f3n y el pueblo al que representan.<\/li><li>El lenguaje debe ser, en todo momento, correcto, evitando expresiones malsonantes.<\/li><li>El cumplimiento de horarios es indispensable para el desarrollo de las actividades diarias.<\/li><li>El consumo de alcohol, tabaco y drogas est\u00e1 totalmente prohibido.<\/li><li>Est\u00e1n prohibidas las pintadas e inscripciones en mobiliarios, paredes, puertas etc.<\/li><li>No se pueden dejar restos de comida, papeles etc. en lugares que no sean los adecuados para ello.<\/li><li>Queda prohibido el acceso a las instalaciones a toda persona ajena a la entidad o sin la debida autorizaci\u00f3n.<\/li><\/ul>\n\n\n\n<p><strong>Con car<\/strong><strong>\u00e1<\/strong><strong>cter espec<\/strong><strong>\u00ed<\/strong><strong>fico:<\/strong><\/p>\n\n\n\n<ul class=\"wp-block-list\"><li>Solo se permite el acceso a las pistas deportivas a aquellos jugadores que vayan provistas de la indumentaria y de los materiales deportivos necesarios y adecuados.<\/li><li>Solo podr\u00e1n acceder a&nbsp;las pistas y sus aleda\u00f1os, los jugadores, cuerpo t\u00e9cnico y aquellos miembros de la entidad relacionados con los diferentes equipos.<\/li><li>Se respetar\u00e1 el ambiente de silencio necesario para el desarrollo de los&nbsp;entrenamientos en grader\u00edos, vestuarios y zonas comunes.<\/li><li>No est\u00e1 permitido comer en las pistas y sus aleda\u00f1os.<\/li><li>El uso de equipos de sonido, m\u00fasica y telefon\u00eda m\u00f3vil de realizar\u00e1 de forma que no moleste a personas ni actividades.<\/li><li>Es indispensable y estamos obligados a realizar un uso adecuado de instalaciones, mobiliario y material.<\/li><li>En los vestuarios se extremar\u00e1n las normas de higiene y respeto a las personas que los utilizan, teniendo en cuenta el car\u00e1cter p\u00fablico de nuestras instalaciones.<\/li><li>Evitaremos gritos, aglomeraciones y atropellos, asimismo intentaremos ahorrar agua y energ\u00eda en la medida de nuestras posibilidades.<\/li><li>Recomendamos el uso de la ducha despu\u00e9s de la pr\u00e1ctica deportiva y la utilizaci\u00f3n de chanclas para evitar contagios por micosis.<\/li><\/ul>\n\n\n\n<p><strong>4- NORMAS DE DISCIPLINA:<\/strong><\/p>\n\n\n\n<p>Deben ser conocidas y acatadas&nbsp;por todos los componentes de la organizaci\u00f3n, los posibles problemas derivados de las actividades que se desarrollan, se deben resolver en un clima de di\u00e1logo y debate, procurando en la medida de lo posible que hagan innecesarias medidas correctivas.<\/p>\n\n\n\n<p>Las correcciones se aplicar\u00e1n en hechos realizados en las instalaciones, donde el CB Ciudad de C\u00e1diz desarrolla su actividad, o en actuaciones, que realizadas fuera de este&nbsp;recinto deportivo, afecten a compa\u00f1eras, a otras personas y a otros miembros de la entidad.<\/p>\n\n\n\n<p>Los incumplimientos y sus posteriores correcciones, deber\u00e1n tener car\u00e1cter educativo y recuperador, deben garantizar los derechos de los posibles&nbsp;infractores y del resto de deportistas y componentes.<\/p>\n\n\n\n<p>A efectos de degradar la importancia de las correcciones a aplicar, se considerar\u00e1n circunstancias paliativas.<\/p>\n\n\n\n<ol class=\"wp-block-list\" type=\"a\"><li>El reconocimiento espont\u00e1neo de&nbsp;conducta incorrecta.<\/li><li>La falta de intencionalidad en los actos.<\/li><\/ol>\n\n\n\n<p>Por el contrario, acentuaran las circunstancias:<\/p>\n\n\n\n<ol class=\"wp-block-list\" type=\"a\"><li>La premeditaci\u00f3n y la reiteraci\u00f3n.<\/li><li>Causar&nbsp;da\u00f1o f\u00edsico, ps\u00edquico,&nbsp;injurias,&nbsp;ofensas a compa\u00f1eros as\u00ed como a&nbsp;componentes de la organizaci\u00f3n y&nbsp;a reci\u00e9n incorporados al club.<\/li><\/ol>\n\n\n\n<p><strong>Correcciones a aplicar:<\/strong><\/p>\n\n\n\n<ol class=\"wp-block-list\" type=\"1\"><li>Amonestaci\u00f3n verbal privada.<\/li><li>Amonestaci\u00f3n escrita y comunicado a padres y o responsables.<\/li><li>Realizaci\u00f3n de tareas que cooperen y reduzcan el deterioro causado.<\/li><li>Aviso escrito de expulsi\u00f3n.<\/li><li>Expulsi\u00f3n temporal.<\/li><li>Expulsi\u00f3n definitiva.<\/li><\/ol>\n\n\n\n<p>Ser\u00e1 el deber de la direcci\u00f3n t\u00e9cnica del club, el hacer cumplir este reglamento y establecer las sanciones pertinentes.<\/p>\n","protected":false},"excerpt":{"rendered":"<p>Para facilitar la convivencia, el desarrollo de la actividad principal de esta secci\u00f3n de baloncesto y para abarcar todos los actos que se deriven de la actividad que se desarrolla y otras que en el futuro pudieran plantearse por sus \u00f3rganos directivos, se realiza el presente reglamento. \u00a01- OBJETIVOS Inculcar a nuestros jugadores, t\u00e9cnicos, delegados&#8230;<\/p>\n","protected":false},"author":1,"featured_media":0,"parent":0,"menu_order":0,"comment_status":"closed","ping_status":"closed","template":"","meta":{"_uag_custom_page_level_css":"","_monsterinsights_skip_tracking":false,"_monsterinsights_sitenote_active":false,"_monsterinsights_sitenote_note":"","_monsterinsights_sitenote_category":0,"_kad_post_transparent":"","_kad_post_title":"","_kad_post_layout":"","_kad_post_sidebar_id":"","_kad_post_content_style":"","_kad_post_vertical_padding":"","_kad_post_feature":"","_kad_post_feature_position":"","_kad_post_header":false,"_kad_post_footer":false,"_kad_post_classname":"","footnotes":""},"class_list":["post-251","page","type-page","status-publish","hentry"],"uagb_featured_image_src":{"full":false,"thumbnail":false,"medium":false,"medium_large":false,"large":false,"1536x1536":false,"2048x2048":false},"uagb_author_info":{"display_name":"CBC C\u00e1diz","author_link":"https:\/\/www.cbciudaddecadiz.com\/index.php\/author\/admin\/"},"uagb_comment_info":0,"uagb_excerpt":"Para facilitar la convivencia, el desarrollo de la actividad principal de esta secci\u00f3n de baloncesto y para abarcar todos los actos que se deriven de la actividad que se desarrolla y otras que en el futuro pudieran plantearse por sus \u00f3rganos directivos, se realiza el presente reglamento. \u00a01- OBJETIVOS Inculcar a nuestros jugadores, t\u00e9cnicos, delegados...","_links":{"self":[{"href":"https:\/\/www.cbciudaddecadiz.com\/index.php\/wp-json\/wp\/v2\/pages\/251","targetHints":{"allow":["GET"]}}],"collection":[{"href":"https:\/\/www.cbciudaddecadiz.com\/index.php\/wp-json\/wp\/v2\/pages"}],"about":[{"href":"https:\/\/www.cbciudaddecadiz.com\/index.php\/wp-json\/wp\/v2\/types\/page"}],"author":[{"embeddable":true,"href":"https:\/\/www.cbciudaddecadiz.com\/index.php\/wp-json\/wp\/v2\/users\/1"}],"replies":[{"embeddable":true,"href":"https:\/\/www.cbciudaddecadiz.com\/index.php\/wp-json\/wp\/v2\/comments?post=251"}],"version-history":[{"count":1,"href":"https:\/\/www.cbciudaddecadiz.com\/index.php\/wp-json\/wp\/v2\/pages\/251\/revisions"}],"predecessor-version":[{"id":253,"href":"https:\/\/www.cbciudaddecadiz.com\/index.php\/wp-json\/wp\/v2\/pages\/251\/revisions\/253"}],"wp:attachment":[{"href":"https:\/\/www.cbciudaddecadiz.com\/index.php\/wp-json\/wp\/v2\/media?parent=251"}],"curies":[{"name":"wp","href":"https:\/\/api.w.org\/{rel}","templated":true}]}}