{"id":310,"date":"2021-05-18T13:50:39","date_gmt":"2021-05-18T11:50:39","guid":{"rendered":"https:\/\/www.cbciudaddecadiz.com\/?page_id=310"},"modified":"2022-12-13T08:21:54","modified_gmt":"2022-12-13T07:21:54","slug":"documentos","status":"publish","type":"page","link":"https:\/\/www.cbciudaddecadiz.com\/index.php\/documentos\/","title":{"rendered":"Documentos"},"content":{"rendered":"\n<div class=\"wp-block-file\"><a id=\"wp-block-file--media-0f06f666-3f08-4223-92c2-e31879f9f7b7\" href=\"https:\/\/www.cbciudaddecadiz.com\/wp-content\/uploads\/2021\/05\/Estatutos-Club-Baloncesto-Ciudad-de-Cadiz.pdf\" target=\"_blank\" rel=\"noreferrer noopener\">Estatutos del Club Baloncesto Ciudad de C\u00e1diz<\/a><a href=\"https:\/\/www.cbciudaddecadiz.com\/wp-content\/uploads\/2021\/05\/Estatutos-Club-Baloncesto-Ciudad-de-Cadiz.pdf\" class=\"wp-block-file__button wp-element-button\" download aria-describedby=\"wp-block-file--media-0f06f666-3f08-4223-92c2-e31879f9f7b7\">Descarga<\/a><\/div>\n\n\n\n<div class=\"wp-block-file\"><a id=\"wp-block-file--media-5de635ca-0fe2-4630-9bc4-e4c841dca006\" href=\"https:\/\/www.cbciudaddecadiz.com\/wp-content\/uploads\/2021\/09\/Proyecto-Deportivo-2021-22.pdf\" target=\"_blank\" rel=\"noreferrer noopener\">Proyecto Deportivo 2021\/22<\/a><a href=\"https:\/\/www.cbciudaddecadiz.com\/wp-content\/uploads\/2021\/09\/Proyecto-Deportivo-2021-22.pdf\" class=\"wp-block-file__button wp-element-button\" download aria-describedby=\"wp-block-file--media-5de635ca-0fe2-4630-9bc4-e4c841dca006\">Descarga<\/a><\/div>\n\n\n\n<h3 class=\"wp-block-heading\">Documentos Normativas FAB y FEB<\/h3>\n\n\n\n<div class=\"wp-block-file\"><a id=\"wp-block-file--media-cbe06e5f-75a3-4885-9e35-7d9714acfcb3\" href=\"https:\/\/www.cbciudaddecadiz.com\/wp-content\/uploads\/2021\/09\/BASES_DE_COMPETICION_2021.pdf\" target=\"_blank\" rel=\"noreferrer noopener\">Bases de competici\u00f3n 2021\/22<\/a><a href=\"https:\/\/www.cbciudaddecadiz.com\/wp-content\/uploads\/2021\/09\/BASES_DE_COMPETICION_2021.pdf\" class=\"wp-block-file__button wp-element-button\" download aria-describedby=\"wp-block-file--media-cbe06e5f-75a3-4885-9e35-7d9714acfcb3\">Descarga<\/a><\/div>\n\n\n\n<div class=\"wp-block-file\"><a id=\"wp-block-file--media-6c8d3c9a-2fa1-4d7f-aee5-f568e25886e5\" href=\"https:\/\/www.cbciudaddecadiz.com\/wp-content\/uploads\/2021\/09\/FIBA.ReglasOficialesdeBaloncesto2018v2.0__Baja.pdf\" target=\"_blank\" rel=\"noreferrer noopener\">Reglas oficiales del baloncesto FIBA<\/a><a href=\"https:\/\/www.cbciudaddecadiz.com\/wp-content\/uploads\/2021\/09\/FIBA.ReglasOficialesdeBaloncesto2018v2.0__Baja.pdf\" class=\"wp-block-file__button wp-element-button\" download aria-describedby=\"wp-block-file--media-6c8d3c9a-2fa1-4d7f-aee5-f568e25886e5\">Descarga<\/a><\/div>\n\n\n\n<div class=\"wp-block-file\"><a id=\"wp-block-file--media-32a4510d-b2ff-49e6-a627-77fdc905544f\" href=\"https:\/\/www.cbciudaddecadiz.com\/wp-content\/uploads\/2021\/09\/InterpretacionesOficialesFIBA2018v3.1_Baja_003.pdf\" target=\"_blank\" rel=\"noreferrer noopener\">Interpretaciones Oficiales FIBA<\/a><a href=\"https:\/\/www.cbciudaddecadiz.com\/wp-content\/uploads\/2021\/09\/InterpretacionesOficialesFIBA2018v3.1_Baja_003.pdf\" class=\"wp-block-file__button wp-element-button\" download aria-describedby=\"wp-block-file--media-32a4510d-b2ff-49e6-a627-77fdc905544f\">Descarga<\/a><\/div>\n\n\n\n<div class=\"wp-block-file\"><a id=\"wp-block-file--media-096b846d-9edf-46cd-9f21-d2e848bd96fe\" href=\"https:\/\/www.cbciudaddecadiz.com\/wp-content\/uploads\/2021\/05\/Cuadro-resumen-Reglas-de-Juego-20-21.pdf\" target=\"_blank\" rel=\"noreferrer noopener\">Cuadro resumen de las Reglas de Juego en premini, mini e infantil<\/a><a href=\"https:\/\/www.cbciudaddecadiz.com\/wp-content\/uploads\/2021\/05\/Cuadro-resumen-Reglas-de-Juego-20-21.pdf\" class=\"wp-block-file__button wp-element-button\" download aria-describedby=\"wp-block-file--media-096b846d-9edf-46cd-9f21-d2e848bd96fe\">Descarga<\/a><\/div>\n\n\n\n<p><\/p>\n\n\n\n<h3 class=\"wp-block-heading\">Documentos seguro m\u00e9dico federativo (ASISA)<\/h3>\n\n\n\n<div class=\"wp-block-file\"><a id=\"wp-block-file--media-5be8fd2f-b5e9-433b-a0cb-e6549a9a37bc\" href=\"https:\/\/www.cbciudaddecadiz.com\/wp-content\/uploads\/2021\/09\/0-PROTOCOLO__DE__ASISTENCIA_Andalucia_.pdf\" target=\"_blank\" rel=\"noreferrer noopener\">Protocolo de asistencia Asisa_<\/a><a href=\"https:\/\/www.cbciudaddecadiz.com\/wp-content\/uploads\/2021\/09\/0-PROTOCOLO__DE__ASISTENCIA_Andalucia_.pdf\" class=\"wp-block-file__button wp-element-button\" download aria-describedby=\"wp-block-file--media-5be8fd2f-b5e9-433b-a0cb-e6549a9a37bc\">Descarga<\/a><\/div>\n\n\n\n<div class=\"wp-block-file\"><a id=\"wp-block-file--media-27f34737-1295-4110-826c-affbef64bfd2\" href=\"https:\/\/www.cbciudaddecadiz.com\/wp-content\/uploads\/2021\/09\/Esquema_Atencion_Asisa_00000003.pdf\" target=\"_blank\" rel=\"noreferrer noopener\">Esquema_de atenci\u00f3n_Asisa_<\/a><a href=\"https:\/\/www.cbciudaddecadiz.com\/wp-content\/uploads\/2021\/09\/Esquema_Atencion_Asisa_00000003.pdf\" class=\"wp-block-file__button wp-element-button\" download aria-describedby=\"wp-block-file--media-27f34737-1295-4110-826c-affbef64bfd2\">Descarga<\/a><\/div>\n\n\n\n<div class=\"wp-block-file\"><a id=\"wp-block-file--media-ec0d87a1-38f4-4a84-bdbc-c28cbfec59dc\" href=\"https:\/\/www.cbciudaddecadiz.com\/wp-content\/uploads\/2021\/09\/telefono-asistencia-asisa.pdf\" target=\"_blank\" rel=\"noreferrer noopener\">Nuevo n\u00famero de tel\u00e9fono de atenci\u00f3n de Asisa<\/a><a href=\"https:\/\/www.cbciudaddecadiz.com\/wp-content\/uploads\/2021\/09\/telefono-asistencia-asisa.pdf\" class=\"wp-block-file__button wp-element-button\" download aria-describedby=\"wp-block-file--media-ec0d87a1-38f4-4a84-bdbc-c28cbfec59dc\">Descarga<\/a><\/div>\n\n\n\n<div class=\"wp-block-file\"><a id=\"wp-block-file--media-36168672-3004-4538-b1fc-5bfb9d0b8198\" href=\"https:\/\/www.cbciudaddecadiz.com\/wp-content\/uploads\/2021\/09\/PARTE_DE_LESIONES_NUEVO_RELLENABLE.pdf\" target=\"_blank\" rel=\"noreferrer noopener\">Parte de lesiones rellenable de Asisa<\/a><a href=\"https:\/\/www.cbciudaddecadiz.com\/wp-content\/uploads\/2021\/09\/PARTE_DE_LESIONES_NUEVO_RELLENABLE.pdf\" class=\"wp-block-file__button wp-element-button\" download aria-describedby=\"wp-block-file--media-36168672-3004-4538-b1fc-5bfb9d0b8198\">Descarga<\/a><\/div>\n\n\n\n<p><a rel=\"noreferrer noopener\" href=\"https:\/\/buscador.asisa.es\/deportivas\" target=\"_blank\">Cuadro m\u00e9dico <\/a><a href=\"https:\/\/buscador.asisa.es\/deportivas\">ASISA<\/a><\/p>\n","protected":false},"excerpt":{"rendered":"<p>Documentos Normativas FAB y FEB Documentos seguro m\u00e9dico federativo (ASISA) Cuadro m\u00e9dico ASISA<\/p>\n","protected":false},"author":1,"featured_media":0,"parent":0,"menu_order":0,"comment_status":"closed","ping_status":"closed","template":"","meta":{"_uag_custom_page_level_css":"","_monsterinsights_skip_tracking":false,"_monsterinsights_sitenote_active":false,"_monsterinsights_sitenote_note":"","_monsterinsights_sitenote_category":0,"_kad_post_transparent":"","_kad_post_title":"","_kad_post_layout":"","_kad_post_sidebar_id":"","_kad_post_content_style":"","_kad_post_vertical_padding":"","_kad_post_feature":"","_kad_post_feature_position":"","_kad_post_header":false,"_kad_post_footer":false,"_kad_post_classname":"","footnotes":""},"class_list":["post-310","page","type-page","status-publish","hentry"],"uagb_featured_image_src":{"full":false,"thumbnail":false,"medium":false,"medium_large":false,"large":false,"1536x1536":false,"2048x2048":false},"uagb_author_info":{"display_name":"CBC C\u00e1diz","author_link":"https:\/\/www.cbciudaddecadiz.com\/index.php\/author\/admin\/"},"uagb_comment_info":0,"uagb_excerpt":"Documentos Normativas FAB y FEB Documentos seguro m\u00e9dico federativo (ASISA) Cuadro m\u00e9dico ASISA","_links":{"self":[{"href":"https:\/\/www.cbciudaddecadiz.com\/index.php\/wp-json\/wp\/v2\/pages\/310","targetHints":{"allow":["GET"]}}],"collection":[{"href":"https:\/\/www.cbciudaddecadiz.com\/index.php\/wp-json\/wp\/v2\/pages"}],"about":[{"href":"https:\/\/www.cbciudaddecadiz.com\/index.php\/wp-json\/wp\/v2\/types\/page"}],"author":[{"embeddable":true,"href":"https:\/\/www.cbciudaddecadiz.com\/index.php\/wp-json\/wp\/v2\/users\/1"}],"replies":[{"embeddable":true,"href":"https:\/\/www.cbciudaddecadiz.com\/index.php\/wp-json\/wp\/v2\/comments?post=310"}],"version-history":[{"count":15,"href":"https:\/\/www.cbciudaddecadiz.com\/index.php\/wp-json\/wp\/v2\/pages\/310\/revisions"}],"predecessor-version":[{"id":1184,"href":"https:\/\/www.cbciudaddecadiz.com\/index.php\/wp-json\/wp\/v2\/pages\/310\/revisions\/1184"}],"wp:attachment":[{"href":"https:\/\/www.cbciudaddecadiz.com\/index.php\/wp-json\/wp\/v2\/media?parent=310"}],"curies":[{"name":"wp","href":"https:\/\/api.w.org\/{rel}","templated":true}]}}